{"id":1053,"date":"2023-11-27T09:39:26","date_gmt":"2023-11-27T06:39:26","guid":{"rendered":"https:\/\/licecohd.eu\/?page_id=1053"},"modified":"2023-11-27T11:23:24","modified_gmt":"2023-11-27T08:23:24","slug":"ipt-2024-2025","status":"publish","type":"page","link":"https:\/\/licecohd.eu\/index.php\/ipt-2024-2025\/","title":{"rendered":"IPT 2024-2025"},"content":{"rendered":"\n<p class=\"has-text-align-center\"><strong>Oportunit\u0103\u021bi pt operatorii economici de a solicita clase de \u00eenv\u0103\u021b\u0103m\u00e2nt preuniversitar dual sau\/\u0219i profesional PENTRU ANUL \u0219colar 2023-2024<br>\u00cen aten\u021bia operatorilor economici!<\/strong><\/p>\n\n\n\n<p><\/p>\n\n\n\n<p>Inspectoratul \u0218colar Jude\u021bean Hunedoara sus\u021bine dezvoltarea \u0219i promovarea \u00eenv\u0103\u021b\u0103m\u00e2ntului dual \u0219i profesional.<br>Nevoia de performan\u021b\u0103 profesional\u0103 \u0219i integrarea absolven\u021bilor pe pia\u021ba muncii, \u00een contextul socio \u2013 economic actual, dezvoltarea parteneriatelor cu operatorii economici, atragerea de noi operatori economici care s\u0103 investeasc\u0103 \u00een formarea profesional\u0103 a tinerilor prin \u00eenv\u0103\u021b\u0103m\u00e2ntul profesional \u0219i dual, sunt priorit\u0103\u021bi asumate de c\u0103tre echipa managerial\u0103 a institu\u021biei noastre.<br>\u00cen acest context, inform\u0103m operatorii economici din jude\u021bul Hunedoara, c\u0103 \u00een conformitate cu prevederile O.M.E. nr. 6689\/2023, au oportunitatea ca \u00een perioada 24 noiembrie \u2013 8 decembrie 2023, s\u0103 solicite clase de \u00eenv\u0103\u021b\u0103m\u00e2nt dual sau profesional prin completarea solicit\u0103rilor de \u0219colarizare \u00een \u00eenv\u0103\u021b\u0103m\u00e2ntul dual \u0219i profesional (Anexa 6 \u0219i Anexa 7) la prezentul ordin.<br>Astfel, conform prevederilor din Calendarul de stabilire a cifrei de \u0219colarizare, operatorii economici interesa\u021bi pentru formarea elevilor \u00een \u00eenv\u0103\u021b\u0103m\u00e2ntul preuniversitar dual sau profesional, vor parcurge urm\u0103toarele etape:<\/p>\n\n\n\n<ol class=\"wp-block-list\">\n<li>Pentru \u00eenv\u0103\u021b\u0103m\u00e2ntul preuniversitar dual:<br>Operatorii economici transmit la C.N.D.I.P.T. \u0219i la Inspectoratul \u0218colar Jude\u021bean Hunedoara, pe adresele de email registratura.cndipt@gmail.com \u0219i luiza.cioara@isj.hd.edu.ro, solicit\u0103rile de \u0219colarizare \u00een \u00eenv\u0103\u021b\u0103m\u00e2ntul preuniversitar dual pentru anul \u0219colar 2024-2025, conform modelului din Anexa nr. 7 la O.M.E. nr. 6689\/2023.<br>Termen: 8 decembrie 2023<\/li>\n\n\n\n<li>Pentru \u00eenv\u0103\u021b\u0103m\u00e2ntul profesional:<br>Operatorii economici transmit pe adresele de email ale unit\u0103\u021bilor de \u00eenv\u0103\u021b\u0103m\u00e2nt profesional \u0219i tehnic \u0219i la Inspectoratul \u0218colar Jude\u021bean Hunedoara, pe adresa de email luiza.cioara@isj.hd.edu.ro, solicit\u0103rile de \u0219colarizare \u00een \u00eenv\u0103\u021b\u0103m\u00e2ntul profesional pentru anul \u0219colar 2024-2025, conform modelului din Anexa nr. 6 la O.M.E. nr. 6689\/2023.<br>Termen: 8 decembrie 2023<br>Solicit\u0103rile \u00een format editabil pot fi desc\u0103rcate de pe site-ul Inspectoratului \u0218colar Jude\u021bean Hunedoara sau de pe forumul institu\u021biei, prin accesarea linkului http:\/\/forum.isj.hd.edu.ro\/viewtopic.php?f=7&amp;t=29557&amp;sid=cdfa13e3363413c23b6851082f409450<br>Doar \u00eempreun\u0103 vom reu\u015fi s\u0103 cre\u0103m o leg\u0103tur\u0103, \u00eentre diferite categorii de public \u0163int\u0103, dar cu interese similare \u015fi obiective convergente. care pot vedea, mai presus de orice, un \u0163el comun, acela de a proiecta o ofert\u0103 de formare profesional\u0103 care s\u0103 corespund\u0103 nevoilor operatorilor economici \u0219i care s\u0103-\u021bi g\u0103seasc\u0103 un corespondent pe pia\u021ba muncii.<\/li>\n<\/ol>\n\n\n\n<figure class=\"wp-block-embed is-type-video is-provider-youtube wp-block-embed-youtube wp-embed-aspect-16-9 wp-has-aspect-ratio\"><div class=\"wp-block-embed__wrapper\">\n<iframe loading=\"lazy\" title=\"Alege Scoala final\" width=\"700\" height=\"394\" src=\"https:\/\/www.youtube.com\/embed\/MRrByCFrsbg?feature=oembed\" frameborder=\"0\" allow=\"accelerometer; autoplay; clipboard-write; encrypted-media; gyroscope; picture-in-picture; web-share\" allowfullscreen><\/iframe>\n<\/div><\/figure>\n","protected":false},"excerpt":{"rendered":"<p>Oportunit\u0103\u021bi pt operatorii economici de a solicita clase de \u00eenv\u0103\u021b\u0103m\u00e2nt preuniversitar dual sau\/\u0219i profesional PENTRU ANUL \u0219colar 2023-2024\u00cen aten\u021bia operatorilor economici! Inspectoratul \u0218colar Jude\u021bean Hunedoara sus\u021bine dezvoltarea \u0219i promovarea \u00eenv\u0103\u021b\u0103m\u00e2ntului dual \u0219i profesional.Nevoia de performan\u021b\u0103 profesional\u0103 \u0219i integrarea absolven\u021bilor pe pia\u021ba muncii, \u00een contextul socio \u2013 economic actual, dezvoltarea parteneriatelor cu operatorii economici, atragerea de &hellip; <a href=\"https:\/\/licecohd.eu\/index.php\/ipt-2024-2025\/\" class=\"more-link\">Continu\u0103 s\u0103 cite\u0219ti <span class=\"screen-reader-text\">IPT 2024-2025<\/span><\/a><\/p>\n","protected":false},"author":1,"featured_media":0,"parent":0,"menu_order":0,"comment_status":"closed","ping_status":"closed","template":"","meta":{"footnotes":""},"class_list":["post-1053","page","type-page","status-publish","hentry"],"_links":{"self":[{"href":"https:\/\/licecohd.eu\/index.php\/wp-json\/wp\/v2\/pages\/1053"}],"collection":[{"href":"https:\/\/licecohd.eu\/index.php\/wp-json\/wp\/v2\/pages"}],"about":[{"href":"https:\/\/licecohd.eu\/index.php\/wp-json\/wp\/v2\/types\/page"}],"author":[{"embeddable":true,"href":"https:\/\/licecohd.eu\/index.php\/wp-json\/wp\/v2\/users\/1"}],"replies":[{"embeddable":true,"href":"https:\/\/licecohd.eu\/index.php\/wp-json\/wp\/v2\/comments?post=1053"}],"version-history":[{"count":3,"href":"https:\/\/licecohd.eu\/index.php\/wp-json\/wp\/v2\/pages\/1053\/revisions"}],"predecessor-version":[{"id":1059,"href":"https:\/\/licecohd.eu\/index.php\/wp-json\/wp\/v2\/pages\/1053\/revisions\/1059"}],"wp:attachment":[{"href":"https:\/\/licecohd.eu\/index.php\/wp-json\/wp\/v2\/media?parent=1053"}],"curies":[{"name":"wp","href":"https:\/\/api.w.org\/{rel}","templated":true}]}}