{"id":293,"date":"2021-03-17T14:54:44","date_gmt":"2021-03-17T11:54:44","guid":{"rendered":"https:\/\/licecohd.eu\/?page_id=293"},"modified":"2025-03-31T15:43:47","modified_gmt":"2025-03-31T12:43:47","slug":"invatamant-primar","status":"publish","type":"page","link":"https:\/\/licecohd.eu\/index.php\/invatamant-primar\/","title":{"rendered":"Invatamant primar"},"content":{"rendered":"\n<p class=\"has-text-align-center has-vivid-red-color has-text-color has-link-color has-large-font-size wp-elements-3bdb3a201148e0e1c2b1910cfd9e45be\"><strong>\u00censcrieri clasa preg\u0103titoare 2025-2026<\/strong><\/p>\n\n\n\n<div data-wp-interactive=\"core\/file\" class=\"wp-block-file\"><object data-wp-bind--hidden=\"!state.hasPdfPreview\"  class=\"wp-block-file__embed\" data=\"https:\/\/licecohd.eu\/wp-content\/uploads\/2025\/03\/program-inscrieri-1.pdf\" type=\"application\/pdf\" style=\"width:100%;height:600px\" aria-label=\"\u00cenglobare pentru program inscrieri.\"><\/object><a id=\"wp-block-file--media-3daf2ec4-65de-4dfc-9120-ddb955e97b7c\" href=\"https:\/\/licecohd.eu\/wp-content\/uploads\/2025\/03\/program-inscrieri-1.pdf\">program inscrieri<\/a><a href=\"https:\/\/licecohd.eu\/wp-content\/uploads\/2025\/03\/program-inscrieri-1.pdf\" class=\"wp-block-file__button wp-element-button\" download aria-describedby=\"wp-block-file--media-3daf2ec4-65de-4dfc-9120-ddb955e97b7c\">Descarc\u0103<\/a><\/div>\n\n\n\n<figure class=\"wp-block-image size-large\"><img loading=\"lazy\" decoding=\"async\" width=\"718\" height=\"1024\" src=\"https:\/\/licecohd.eu\/wp-content\/uploads\/2025\/03\/criterii-718x1024.jpeg\" alt=\"\" class=\"wp-image-1260\" srcset=\"https:\/\/licecohd.eu\/wp-content\/uploads\/2025\/03\/criterii-718x1024.jpeg 718w, https:\/\/licecohd.eu\/wp-content\/uploads\/2025\/03\/criterii-210x300.jpeg 210w, https:\/\/licecohd.eu\/wp-content\/uploads\/2025\/03\/criterii-768x1096.jpeg 768w, https:\/\/licecohd.eu\/wp-content\/uploads\/2025\/03\/criterii-1076x1536.jpeg 1076w, https:\/\/licecohd.eu\/wp-content\/uploads\/2025\/03\/criterii-772x1102.jpeg 772w, https:\/\/licecohd.eu\/wp-content\/uploads\/2025\/03\/criterii-437x624.jpeg 437w, https:\/\/licecohd.eu\/wp-content\/uploads\/2025\/03\/criterii.jpeg 1435w\" sizes=\"(max-width: 718px) 100vw, 718px\" \/><\/figure>\n\n\n\n<div data-wp-interactive=\"core\/file\" class=\"wp-block-file\"><object data-wp-bind--hidden=\"!state.hasPdfPreview\"  class=\"wp-block-file__embed\" data=\"https:\/\/licecohd.eu\/wp-content\/uploads\/2025\/03\/HUNEDOARA_informatii-utile.pdf\" type=\"application\/pdf\" style=\"width:100%;height:600px\" aria-label=\"\u00cenglobare pentru HUNEDOARA_informatii utile.\"><\/object><a id=\"wp-block-file--media-017165e8-50f1-4d4e-b284-81e356cb2ea7\" href=\"https:\/\/licecohd.eu\/wp-content\/uploads\/2025\/03\/HUNEDOARA_informatii-utile.pdf\">HUNEDOARA_informatii utile<\/a><a href=\"https:\/\/licecohd.eu\/wp-content\/uploads\/2025\/03\/HUNEDOARA_informatii-utile.pdf\" class=\"wp-block-file__button wp-element-button\" download aria-describedby=\"wp-block-file--media-017165e8-50f1-4d4e-b284-81e356cb2ea7\">Descarc\u0103<\/a><\/div>\n\n\n\n<div data-wp-interactive=\"core\/file\" class=\"wp-block-file\"><object data-wp-bind--hidden=\"!state.hasPdfPreview\"  class=\"wp-block-file__embed\" data=\"https:\/\/licecohd.eu\/wp-content\/uploads\/2025\/03\/OMEC-3435-OMEC-3436-INSCRIERE-INVATAMANT-PRIMAR.pdf\" type=\"application\/pdf\" style=\"width:100%;height:600px\" aria-label=\"\u00cenglobare pentru OMEC 3435 OMEC 3436 INSCRIERE INVATAMANT PRIMAR.\"><\/object><a id=\"wp-block-file--media-d02db792-9204-4b93-ae37-7abf66860f02\" href=\"https:\/\/licecohd.eu\/wp-content\/uploads\/2025\/03\/OMEC-3435-OMEC-3436-INSCRIERE-INVATAMANT-PRIMAR.pdf\">OMEC 3435 OMEC 3436 INSCRIERE INVATAMANT PRIMAR<\/a><a href=\"https:\/\/licecohd.eu\/wp-content\/uploads\/2025\/03\/OMEC-3435-OMEC-3436-INSCRIERE-INVATAMANT-PRIMAR.pdf\" class=\"wp-block-file__button wp-element-button\" download aria-describedby=\"wp-block-file--media-d02db792-9204-4b93-ae37-7abf66860f02\">Descarc\u0103<\/a><\/div>\n\n\n\n<div data-wp-interactive=\"core\/file\" class=\"wp-block-file\"><object data-wp-bind--hidden=\"!state.hasPdfPreview\"  class=\"wp-block-file__embed\" data=\"https:\/\/licecohd.eu\/wp-content\/uploads\/2024\/03\/CIRCUMSCRIPTII.pdf\" type=\"application\/pdf\" style=\"width:100%;height:600px\" aria-label=\"\u00cenglobare pentru CIRCUMSCRIPTII.\"><\/object><a id=\"wp-block-file--media-a4718668-092b-4a66-8ed6-b47f124be333\" href=\"https:\/\/licecohd.eu\/wp-content\/uploads\/2024\/03\/CIRCUMSCRIPTII.pdf\">CIRCUMSCRIPTII<\/a><a href=\"https:\/\/licecohd.eu\/wp-content\/uploads\/2024\/03\/CIRCUMSCRIPTII.pdf\" class=\"wp-block-file__button wp-element-button\" download aria-describedby=\"wp-block-file--media-a4718668-092b-4a66-8ed6-b47f124be333\">Descarc\u0103<\/a><\/div>\n\n\n\n<div class=\"wp-block-file\"><a id=\"wp-block-file--media-71a500f0-3711-4049-8bc8-24756451b615\" href=\"https:\/\/licecohd.eu\/wp-content\/uploads\/2022\/05\/tabel-elevi-admisi-clasa-pregatitoare-1.pdf\">tabel-elevi-admisi-clasa-pregatitoare-1<\/a><a href=\"https:\/\/licecohd.eu\/wp-content\/uploads\/2022\/05\/tabel-elevi-admisi-clasa-pregatitoare-1.pdf\" class=\"wp-block-file__button wp-element-button\" download aria-describedby=\"wp-block-file--media-71a500f0-3711-4049-8bc8-24756451b615\">Descarc\u0103<\/a><\/div>\n\n\n\n<figure class=\"wp-block-image size-large\"><img loading=\"lazy\" decoding=\"async\" width=\"1024\" height=\"724\" src=\"https:\/\/licecohd.eu\/wp-content\/uploads\/2022\/03\/1-1024x724.jpg\" alt=\"\" class=\"wp-image-614\" srcset=\"https:\/\/licecohd.eu\/wp-content\/uploads\/2022\/03\/1-1024x724.jpg 1024w, https:\/\/licecohd.eu\/wp-content\/uploads\/2022\/03\/1-300x212.jpg 300w, https:\/\/licecohd.eu\/wp-content\/uploads\/2022\/03\/1-768x543.jpg 768w, https:\/\/licecohd.eu\/wp-content\/uploads\/2022\/03\/1-1536x1087.jpg 1536w, https:\/\/licecohd.eu\/wp-content\/uploads\/2022\/03\/1-2048x1449.jpg 2048w, https:\/\/licecohd.eu\/wp-content\/uploads\/2022\/03\/1-772x546.jpg 772w, https:\/\/licecohd.eu\/wp-content\/uploads\/2022\/03\/1-624x441.jpg 624w\" sizes=\"(max-width: 1024px) 100vw, 1024px\" \/><\/figure>\n\n\n\n<figure class=\"wp-block-image size-large\"><img loading=\"lazy\" decoding=\"async\" width=\"1024\" height=\"724\" src=\"https:\/\/licecohd.eu\/wp-content\/uploads\/2022\/03\/2-1024x724.jpg\" alt=\"\" class=\"wp-image-616\" srcset=\"https:\/\/licecohd.eu\/wp-content\/uploads\/2022\/03\/2-1024x724.jpg 1024w, https:\/\/licecohd.eu\/wp-content\/uploads\/2022\/03\/2-300x212.jpg 300w, https:\/\/licecohd.eu\/wp-content\/uploads\/2022\/03\/2-768x543.jpg 768w, https:\/\/licecohd.eu\/wp-content\/uploads\/2022\/03\/2-1536x1087.jpg 1536w, https:\/\/licecohd.eu\/wp-content\/uploads\/2022\/03\/2-2048x1449.jpg 2048w, https:\/\/licecohd.eu\/wp-content\/uploads\/2022\/03\/2-772x546.jpg 772w, https:\/\/licecohd.eu\/wp-content\/uploads\/2022\/03\/2-624x441.jpg 624w\" sizes=\"(max-width: 1024px) 100vw, 1024px\" \/><\/figure>\n\n\n\n<figure class=\"wp-block-image size-large\"><img loading=\"lazy\" decoding=\"async\" width=\"724\" height=\"1024\" src=\"https:\/\/licecohd.eu\/wp-content\/uploads\/2022\/03\/3-724x1024.jpg\" alt=\"\" class=\"wp-image-617\" srcset=\"https:\/\/licecohd.eu\/wp-content\/uploads\/2022\/03\/3-724x1024.jpg 724w, https:\/\/licecohd.eu\/wp-content\/uploads\/2022\/03\/3-212x300.jpg 212w, https:\/\/licecohd.eu\/wp-content\/uploads\/2022\/03\/3-768x1086.jpg 768w, https:\/\/licecohd.eu\/wp-content\/uploads\/2022\/03\/3-1087x1536.jpg 1087w, https:\/\/licecohd.eu\/wp-content\/uploads\/2022\/03\/3-1449x2048.jpg 1449w, https:\/\/licecohd.eu\/wp-content\/uploads\/2022\/03\/3-772x1091.jpg 772w, https:\/\/licecohd.eu\/wp-content\/uploads\/2022\/03\/3-441x624.jpg 441w, https:\/\/licecohd.eu\/wp-content\/uploads\/2022\/03\/3-scaled.jpg 1811w\" sizes=\"(max-width: 724px) 100vw, 724px\" \/><\/figure>\n\n\n\n<figure class=\"wp-block-image size-large\"><img loading=\"lazy\" decoding=\"async\" width=\"724\" height=\"1024\" src=\"https:\/\/licecohd.eu\/wp-content\/uploads\/2022\/03\/4-724x1024.jpg\" alt=\"\" class=\"wp-image-618\" srcset=\"https:\/\/licecohd.eu\/wp-content\/uploads\/2022\/03\/4-724x1024.jpg 724w, https:\/\/licecohd.eu\/wp-content\/uploads\/2022\/03\/4-212x300.jpg 212w, https:\/\/licecohd.eu\/wp-content\/uploads\/2022\/03\/4-768x1086.jpg 768w, https:\/\/licecohd.eu\/wp-content\/uploads\/2022\/03\/4-1087x1536.jpg 1087w, https:\/\/licecohd.eu\/wp-content\/uploads\/2022\/03\/4-1449x2048.jpg 1449w, https:\/\/licecohd.eu\/wp-content\/uploads\/2022\/03\/4-772x1091.jpg 772w, https:\/\/licecohd.eu\/wp-content\/uploads\/2022\/03\/4-441x624.jpg 441w, https:\/\/licecohd.eu\/wp-content\/uploads\/2022\/03\/4-scaled.jpg 1811w\" sizes=\"(max-width: 724px) 100vw, 724px\" \/><\/figure>\n\n\n\n<figure class=\"wp-block-image size-large\"><img loading=\"lazy\" decoding=\"async\" width=\"1024\" height=\"724\" src=\"https:\/\/licecohd.eu\/wp-content\/uploads\/2022\/03\/5-1024x724.jpg\" alt=\"\" class=\"wp-image-619\" srcset=\"https:\/\/licecohd.eu\/wp-content\/uploads\/2022\/03\/5-1024x724.jpg 1024w, https:\/\/licecohd.eu\/wp-content\/uploads\/2022\/03\/5-300x212.jpg 300w, https:\/\/licecohd.eu\/wp-content\/uploads\/2022\/03\/5-768x543.jpg 768w, https:\/\/licecohd.eu\/wp-content\/uploads\/2022\/03\/5-1536x1087.jpg 1536w, https:\/\/licecohd.eu\/wp-content\/uploads\/2022\/03\/5-2048x1449.jpg 2048w, https:\/\/licecohd.eu\/wp-content\/uploads\/2022\/03\/5-772x546.jpg 772w, https:\/\/licecohd.eu\/wp-content\/uploads\/2022\/03\/5-624x441.jpg 624w\" sizes=\"(max-width: 1024px) 100vw, 1024px\" \/><\/figure>\n\n\n\n<figure class=\"wp-block-image size-large\"><img loading=\"lazy\" decoding=\"async\" width=\"1024\" height=\"724\" src=\"https:\/\/licecohd.eu\/wp-content\/uploads\/2022\/03\/acte-1024x724.jpg\" alt=\"\" class=\"wp-image-620\" srcset=\"https:\/\/licecohd.eu\/wp-content\/uploads\/2022\/03\/acte-1024x724.jpg 1024w, https:\/\/licecohd.eu\/wp-content\/uploads\/2022\/03\/acte-300x212.jpg 300w, https:\/\/licecohd.eu\/wp-content\/uploads\/2022\/03\/acte-768x543.jpg 768w, https:\/\/licecohd.eu\/wp-content\/uploads\/2022\/03\/acte-1536x1086.jpg 1536w, https:\/\/licecohd.eu\/wp-content\/uploads\/2022\/03\/acte-2048x1448.jpg 2048w, https:\/\/licecohd.eu\/wp-content\/uploads\/2022\/03\/acte-772x546.jpg 772w, https:\/\/licecohd.eu\/wp-content\/uploads\/2022\/03\/acte-624x441.jpg 624w\" sizes=\"(max-width: 1024px) 100vw, 1024px\" \/><\/figure>\n\n\n\n<h4 class=\"wp-block-heading\">Program \u00eenscrieri:<\/h4>\n\n\n\n<h4 class=\"wp-block-heading\">Luni-joi : 9-18<br>Vineri : 9-16<\/h4>\n\n\n\n<p><\/p>\n\n\n\n<figure class=\"wp-block-image size-large\"><img loading=\"lazy\" decoding=\"async\" width=\"724\" height=\"1024\" src=\"https:\/\/licecohd.eu\/wp-content\/uploads\/2021\/03\/oferta-educationala-724x1024.jpeg\" alt=\"\" class=\"wp-image-297\" srcset=\"https:\/\/licecohd.eu\/wp-content\/uploads\/2021\/03\/oferta-educationala-724x1024.jpeg 724w, https:\/\/licecohd.eu\/wp-content\/uploads\/2021\/03\/oferta-educationala-212x300.jpeg 212w, https:\/\/licecohd.eu\/wp-content\/uploads\/2021\/03\/oferta-educationala-768x1086.jpeg 768w, https:\/\/licecohd.eu\/wp-content\/uploads\/2021\/03\/oferta-educationala-1086x1536.jpeg 1086w, https:\/\/licecohd.eu\/wp-content\/uploads\/2021\/03\/oferta-educationala-772x1092.jpeg 772w, https:\/\/licecohd.eu\/wp-content\/uploads\/2021\/03\/oferta-educationala-441x624.jpeg 441w, https:\/\/licecohd.eu\/wp-content\/uploads\/2021\/03\/oferta-educationala.jpeg 1131w\" sizes=\"(max-width: 724px) 100vw, 724px\" \/><\/figure>\n\n\n\n<h2 class=\"wp-block-heading\"><strong>S<\/strong>tructur\u0103 \u0218coala Gimnazial\u0103 Nr. 7 Hunedoara<\/h2>\n\n\n\n<p><strong>Str. 1 Decembrie 1848, Nr. 2 Hunedoara<\/strong><\/p>\n\n\n\n<p><strong>Nr. telefon : 0254712618<br>E-mail : scoala7hd@yahoo.com<\/strong><\/p>\n\n\n\n<iframe loading=\"lazy\" src=\"https:\/\/docs.google.com\/presentation\/d\/e\/2PACX-1vSeC7z2kxd3O6R17qr7s2WO6LHHL6rY37RfPqbpS6jdULV00AgNo9kajmzKJdpMHtvrkhuiiphn9p7W\/embed?start=true&amp;loop=true&amp;delayms=3000\" allowfullscreen=\"true\" mozallowfullscreen=\"true\" webkitallowfullscreen=\"true\" width=\"1280\" height=\"749\" frameborder=\"0\"><\/iframe>\n\n\n\n<h3 class=\"wp-block-heading\">TelVerde 0800816254<\/h3>\n\n\n\n<figure class=\"wp-block-image size-large\"><img loading=\"lazy\" decoding=\"async\" width=\"768\" height=\"1024\" src=\"https:\/\/licecohd.eu\/wp-content\/uploads\/2021\/03\/acte-necesare-768x1024.jpeg\" alt=\"\" class=\"wp-image-324\" srcset=\"https:\/\/licecohd.eu\/wp-content\/uploads\/2021\/03\/acte-necesare-768x1024.jpeg 768w, https:\/\/licecohd.eu\/wp-content\/uploads\/2021\/03\/acte-necesare-225x300.jpeg 225w, https:\/\/licecohd.eu\/wp-content\/uploads\/2021\/03\/acte-necesare-1152x1536.jpeg 1152w, https:\/\/licecohd.eu\/wp-content\/uploads\/2021\/03\/acte-necesare-772x1029.jpeg 772w, https:\/\/licecohd.eu\/wp-content\/uploads\/2021\/03\/acte-necesare-468x624.jpeg 468w, https:\/\/licecohd.eu\/wp-content\/uploads\/2021\/03\/acte-necesare.jpeg 1200w\" sizes=\"(max-width: 768px) 100vw, 768px\" \/><\/figure>\n\n\n\n<figure class=\"wp-block-image size-large\"><img loading=\"lazy\" decoding=\"async\" width=\"768\" height=\"1024\" src=\"https:\/\/licecohd.eu\/wp-content\/uploads\/2021\/03\/circumscriptia-768x1024.jpeg\" alt=\"\" class=\"wp-image-310\" srcset=\"https:\/\/licecohd.eu\/wp-content\/uploads\/2021\/03\/circumscriptia-768x1024.jpeg 768w, https:\/\/licecohd.eu\/wp-content\/uploads\/2021\/03\/circumscriptia-225x300.jpeg 225w, https:\/\/licecohd.eu\/wp-content\/uploads\/2021\/03\/circumscriptia-1152x1536.jpeg 1152w, https:\/\/licecohd.eu\/wp-content\/uploads\/2021\/03\/circumscriptia-772x1029.jpeg 772w, https:\/\/licecohd.eu\/wp-content\/uploads\/2021\/03\/circumscriptia-468x624.jpeg 468w, https:\/\/licecohd.eu\/wp-content\/uploads\/2021\/03\/circumscriptia.jpeg 1200w\" sizes=\"(max-width: 768px) 100vw, 768px\" \/><\/figure>\n\n\n\n<figure class=\"wp-block-image size-large\"><img loading=\"lazy\" decoding=\"async\" width=\"627\" height=\"1024\" src=\"https:\/\/licecohd.eu\/wp-content\/uploads\/2021\/03\/scoala-7-1.jpeg\" alt=\"\" class=\"wp-image-321\" srcset=\"https:\/\/licecohd.eu\/wp-content\/uploads\/2021\/03\/scoala-7-1.jpeg 627w, https:\/\/licecohd.eu\/wp-content\/uploads\/2021\/03\/scoala-7-1-184x300.jpeg 184w, https:\/\/licecohd.eu\/wp-content\/uploads\/2021\/03\/scoala-7-1-382x624.jpeg 382w\" sizes=\"(max-width: 627px) 100vw, 627px\" \/><\/figure>\n\n\n\n<div class=\"wp-block-file\"><a id=\"wp-block-file--media-fdf3c2f3-aff8-480c-8b2f-35dddd569686\" href=\"https:\/\/licecohd.eu\/wp-content\/uploads\/2021\/03\/Anexa-1-Metodologie-inscriere-invatamant-primar-2021_2022.pdf\">Anexa-1-Metodologie-inscriere-invatamant-primar-2021_2022<\/a><a href=\"https:\/\/licecohd.eu\/wp-content\/uploads\/2021\/03\/Anexa-1-Metodologie-inscriere-invatamant-primar-2021_2022.pdf\" class=\"wp-block-file__button wp-element-button\" download aria-describedby=\"wp-block-file--media-fdf3c2f3-aff8-480c-8b2f-35dddd569686\">Descarc\u0103<\/a><\/div>\n\n\n\n<div class=\"wp-block-file\"><a id=\"wp-block-file--media-5464b184-4c89-4210-a8c2-eb8c28b95e65\" href=\"https:\/\/licecohd.eu\/wp-content\/uploads\/2021\/03\/Anexe-1-2-3-metodologie-inscriere-invatamant-primar-2021_2022.pdf\">Anexe-1-2-3-metodologie-inscriere-invatamant-primar-2021_2022<\/a><a href=\"https:\/\/licecohd.eu\/wp-content\/uploads\/2021\/03\/Anexe-1-2-3-metodologie-inscriere-invatamant-primar-2021_2022.pdf\" class=\"wp-block-file__button wp-element-button\" download aria-describedby=\"wp-block-file--media-5464b184-4c89-4210-a8c2-eb8c28b95e65\">Descarc\u0103<\/a><\/div>\n\n\n\n<p><strong>Criteriile generale de departajare :<br>a) existen\u021ba unui certificat medical de \u00eencadrare \u00een grad de handicap a copilului;<br>b) existen\u021ba unui document care dovede\u0219te c\u0103 este orfan de ambii p\u0103rin\u021bi. Situa\u021bia copilului care provine de la o cas\u0103 de copii\/un centru de plasament\/plasament familial se asimileaz\u0103 situa\u021biei copilului orfan de ambii p\u0103rin\u021bi;<br>c) existen\u021ba unui document care dovede\u0219te c\u0103 este orfan de un singur p\u0103rinte;<br>d) existen\u021ba unui frate\/a unei surori \u00eenmatriculat\/\u00eenmatriculate \u00een unitatea de \u00eenv\u0103\u021b\u0103m\u00e2nt respectiv\u0103<\/strong><\/p>\n\n\n\n<p><\/p>\n","protected":false},"excerpt":{"rendered":"<p>\u00censcrieri clasa preg\u0103titoare 2025-2026 Program \u00eenscrieri: Luni-joi : 9-18Vineri : 9-16 Structur\u0103 \u0218coala Gimnazial\u0103 Nr. 7 Hunedoara Str. 1 Decembrie 1848, Nr. 2 Hunedoara Nr. telefon : 0254712618E-mail : scoala7hd@yahoo.com TelVerde 0800816254 Criteriile generale de departajare :a) existen\u021ba unui certificat medical de \u00eencadrare \u00een grad de handicap a copilului;b) existen\u021ba unui document care dovede\u0219te c\u0103 &hellip; <a href=\"https:\/\/licecohd.eu\/index.php\/invatamant-primar\/\" class=\"more-link\">Continu\u0103 s\u0103 cite\u0219ti <span class=\"screen-reader-text\">Invatamant primar<\/span><\/a><\/p>\n","protected":false},"author":1,"featured_media":0,"parent":0,"menu_order":0,"comment_status":"closed","ping_status":"closed","template":"","meta":{"footnotes":""},"class_list":["post-293","page","type-page","status-publish","hentry"],"_links":{"self":[{"href":"https:\/\/licecohd.eu\/index.php\/wp-json\/wp\/v2\/pages\/293"}],"collection":[{"href":"https:\/\/licecohd.eu\/index.php\/wp-json\/wp\/v2\/pages"}],"about":[{"href":"https:\/\/licecohd.eu\/index.php\/wp-json\/wp\/v2\/types\/page"}],"author":[{"embeddable":true,"href":"https:\/\/licecohd.eu\/index.php\/wp-json\/wp\/v2\/users\/1"}],"replies":[{"embeddable":true,"href":"https:\/\/licecohd.eu\/index.php\/wp-json\/wp\/v2\/comments?post=293"}],"version-history":[{"count":35,"href":"https:\/\/licecohd.eu\/index.php\/wp-json\/wp\/v2\/pages\/293\/revisions"}],"predecessor-version":[{"id":1268,"href":"https:\/\/licecohd.eu\/index.php\/wp-json\/wp\/v2\/pages\/293\/revisions\/1268"}],"wp:attachment":[{"href":"https:\/\/licecohd.eu\/index.php\/wp-json\/wp\/v2\/media?parent=293"}],"curies":[{"name":"wp","href":"https:\/\/api.w.org\/{rel}","templated":true}]}}