{"id":474,"date":"2021-11-02T11:16:50","date_gmt":"2021-11-02T08:16:50","guid":{"rendered":"https:\/\/licecohd.eu\/?page_id=474"},"modified":"2022-07-04T13:30:34","modified_gmt":"2022-07-04T10:30:34","slug":"ipt-2021-2022","status":"publish","type":"page","link":"https:\/\/licecohd.eu\/index.php\/ipt-2021-2022\/","title":{"rendered":"IPT 2022-2023"},"content":{"rendered":"\n<p><\/p>\n\n\n\n<div class=\"wp-block-media-text alignwide is-stacked-on-mobile\" style=\"grid-template-columns:85% auto\"><figure class=\"wp-block-media-text__media\"><video controls src=\"https:\/\/licecohd.eu\/wp-content\/uploads\/2022\/07\/ipt.mp4\"><\/video><\/figure><div class=\"wp-block-media-text__content\">\n<p class=\"has-large-font-size\"><\/p>\n<\/div><\/div>\n\n\n\n<p><strong>ANUNT<br>Solicitare \u0219colarizare IP si DUAL pentru anul \u0219colar 2022-2023<\/strong><br>Proiectarea ofertei de formare prin \u00eenv\u0103\u021b\u0103m\u00e2ntul dual \u0219i \u00eenv\u0103\u021b\u0103m\u00e2ntul profesional \u00een func\u021bie de solicit\u0103rile agen\u021bilor economici, pentru anul \u0219colar 2022-2023<br>Suntem convin\u0219i c\u0103 educa\u021bia \u0219i formarea profesional\u0103 reprezint\u0103 o prioritate pentru fiecare comunitate local\u0103, fiind considerate p\u00e2rghii absolut necesare pentru relansarea \u0219i dezvoltarea durabil\u0103 a comunit\u0103\u021bii.<br>\u00cen acest context, inform\u0103m operatorii economici din jude\u021bul Hunedoara, c\u0103 \u00een conformitate cu prevederile Ordinului ME nr. 5513\/29.10.2021, au oportunitatea ca \u00een perioada <strong>1 noiembrie &#8211; 19 noiembrie 202<\/strong>1, s\u0103 solicite clase de \u00eenv\u0103\u021b\u0103m\u00e2nt dual sau profesional prin completarea solicit\u0103rilor de \u0219colarizare \u00een \u00eenv\u0103\u021b\u0103m\u00e2ntul dual \u0219i profesional (Anexa 1 \u0219i Anexa 2) la Ordinul ME nr. 5513\/2021.<br>Solicit\u0103rile operatorilor pentru \u00eenv\u0103\u021b\u0103m\u00e2ntul dual (Anexa 1) vor fi transmise pe adresele de email: <a href=\"mailto:registratura.cndipt@gmail.com\">registratura.cndipt@gmail.com<\/a> \u0219i <a href=\"mailto:luizadanaipt.hd@gmail.com\">luizadanaipt.hd@gmail.com<\/a>, p\u00e2n\u0103 la data de 19 noiembrie 2021.<br>Solicit\u0103rile operatorilor economici pentru \u00eenv\u0103\u021b\u0103m\u00e2ntul profesional (Anexa 2) vor fi transmise pe adresele de email ale unit\u0103\u021bilor de \u00eenv\u0103\u021b\u0103m\u00e2nt profesional \u0219i tehnic cu care doresc s\u0103 \u00eencheie contracte de preg\u0103tire practic\u0103 \u0219i la adresa <a href=\"mailto:luizadanaipt.hd@gmail.com\">luizadanaipt.hd@gmail.com<\/a>, p\u00e2n\u0103 la data de 19 noiembrie 2021.<br>Solicit\u0103rile \u00een format editabil pot fi desc\u0103rcate din fi\u0219ierele ata\u0219ate<br>Invit\u0103m to\u021bi operatorii economici interesa\u021bi s\u0103 \u00ee\u0219i exprime nevoia de formare, deoarece credem c\u0103 doar printr-un parteneriat viabil, vom reu\u0219i s\u0103 proiect\u0103m la nivelul jude\u021bului Hunedoara o ofert\u0103 de formare profesional\u0103 care s\u0103 corespund\u0103 nevoilor mediului de afaceri \u0219i care s\u0103-\u0219i g\u0103seasc\u0103 un corespondent pe pia\u021ba muncii.<\/p>\n\n\n\n<iframe loading=\"lazy\" src=\"https:\/\/docs.google.com\/presentation\/d\/e\/2PACX-1vQML9SJPggCQZTsOg4M3xx3uD1AvfYszagPX5rTZrqrnNoPmJwUOyeN-a11dBgs0T89rBhgelQqt-kH\/embed?start=true&amp;loop=true&amp;delayms=3000\" frameborder=\"0\" width=\"960\" height=\"629\" allowfullscreen=\"true\" mozallowfullscreen=\"true\" webkitallowfullscreen=\"true\"><\/iframe>\n\n\n\n<div class=\"wp-block-file\"><a href=\"https:\/\/licecohd.eu\/wp-content\/uploads\/2021\/11\/Anexa-2_Solicitare_IP.doc\">Anexa-2_Solicitare_IP<\/a><a href=\"https:\/\/licecohd.eu\/wp-content\/uploads\/2021\/11\/Anexa-2_Solicitare_IP.doc\" class=\"wp-block-file__button\" download>Descarc\u0103<\/a><\/div>\n\n\n\n<div class=\"wp-block-file\"><a href=\"https:\/\/licecohd.eu\/wp-content\/uploads\/2021\/11\/06_Structura-de-pregatire-invatamant-profesional.doc\">06_Structura-de-pregatire-invatamant-profesional<\/a><a href=\"https:\/\/licecohd.eu\/wp-content\/uploads\/2021\/11\/06_Structura-de-pregatire-invatamant-profesional.doc\" class=\"wp-block-file__button\" download>Descarc\u0103<\/a><\/div>\n\n\n\n<iframe loading=\"lazy\" src=\"https:\/\/docs.google.com\/presentation\/d\/e\/2PACX-1vTKrlJlILuHHmKVqygA40MRaRjtK-p5hgEzxw1NVnDLyTUzYwnT0Q3hynaOrznqPg\/embed?start=true&amp;loop=true&amp;delayms=3000\" frameborder=\"0\" width=\"1280\" height=\"749\" allowfullscreen=\"true\" mozallowfullscreen=\"true\" webkitallowfullscreen=\"true\"><\/iframe>\n\n\n\n<div class=\"wp-block-file\"><a href=\"https:\/\/licecohd.eu\/wp-content\/uploads\/2021\/11\/Anexa-1_Solicitare_ID.doc\">Anexa-1_Solicitare_ID<\/a><a href=\"https:\/\/licecohd.eu\/wp-content\/uploads\/2021\/11\/Anexa-1_Solicitare_ID.doc\" class=\"wp-block-file__button\" download>Descarc\u0103<\/a><\/div>\n\n\n\n<div class=\"wp-block-file\"><a href=\"https:\/\/licecohd.eu\/wp-content\/uploads\/2021\/11\/04_DUAL_Operatori_economici_material_prezentare_1.doc\">04_DUAL_Operatori_economici_material_prezentare_1<\/a><a href=\"https:\/\/licecohd.eu\/wp-content\/uploads\/2021\/11\/04_DUAL_Operatori_economici_material_prezentare_1.doc\" class=\"wp-block-file__button\" download>Descarc\u0103<\/a><\/div>\n","protected":false},"excerpt":{"rendered":"<p>ANUNTSolicitare \u0219colarizare IP si DUAL pentru anul \u0219colar 2022-2023Proiectarea ofertei de formare prin \u00eenv\u0103\u021b\u0103m\u00e2ntul dual \u0219i \u00eenv\u0103\u021b\u0103m\u00e2ntul profesional \u00een func\u021bie de solicit\u0103rile agen\u021bilor economici, pentru anul \u0219colar 2022-2023Suntem convin\u0219i c\u0103 educa\u021bia \u0219i formarea profesional\u0103 reprezint\u0103 o prioritate pentru fiecare comunitate local\u0103, fiind considerate p\u00e2rghii absolut necesare pentru relansarea \u0219i dezvoltarea durabil\u0103 a comunit\u0103\u021bii.\u00cen acest context, &hellip; <a href=\"https:\/\/licecohd.eu\/index.php\/ipt-2021-2022\/\" class=\"more-link\">Continu\u0103 s\u0103 cite\u0219ti <span class=\"screen-reader-text\">IPT 2022-2023<\/span><\/a><\/p>\n","protected":false},"author":1,"featured_media":0,"parent":0,"menu_order":0,"comment_status":"closed","ping_status":"closed","template":"","meta":{"footnotes":""},"class_list":["post-474","page","type-page","status-publish","hentry"],"_links":{"self":[{"href":"https:\/\/licecohd.eu\/index.php\/wp-json\/wp\/v2\/pages\/474"}],"collection":[{"href":"https:\/\/licecohd.eu\/index.php\/wp-json\/wp\/v2\/pages"}],"about":[{"href":"https:\/\/licecohd.eu\/index.php\/wp-json\/wp\/v2\/types\/page"}],"author":[{"embeddable":true,"href":"https:\/\/licecohd.eu\/index.php\/wp-json\/wp\/v2\/users\/1"}],"replies":[{"embeddable":true,"href":"https:\/\/licecohd.eu\/index.php\/wp-json\/wp\/v2\/comments?post=474"}],"version-history":[{"count":12,"href":"https:\/\/licecohd.eu\/index.php\/wp-json\/wp\/v2\/pages\/474\/revisions"}],"predecessor-version":[{"id":666,"href":"https:\/\/licecohd.eu\/index.php\/wp-json\/wp\/v2\/pages\/474\/revisions\/666"}],"wp:attachment":[{"href":"https:\/\/licecohd.eu\/index.php\/wp-json\/wp\/v2\/media?parent=474"}],"curies":[{"name":"wp","href":"https:\/\/api.w.org\/{rel}","templated":true}]}}