{"id":5,"date":"2020-05-13T13:07:16","date_gmt":"2020-05-13T13:07:16","guid":{"rendered":"https:\/\/licecohd.eu\/?page_id=5"},"modified":"2020-05-18T16:19:30","modified_gmt":"2020-05-18T16:19:30","slug":"prima-pagina","status":"publish","type":"page","link":"https:\/\/licecohd.eu\/","title":{"rendered":"Prima pagin\u0103"},"content":{"rendered":"\n<p class=\"has-regular-font-size\"><strong>SCURT ISTORIC<\/strong><\/p>\n\n\n\n<p>\u015ecoala noastr\u0103 a luat fiin\u0163\u0103 \u00een anul 1963, \u00een sediul actual al \u015ecolii Generale Nr.8 Hunedoara, sub numele de \u015ecoala Medie Nr.2, unde a func\u0163ionat p\u00e2n\u0103 \u00een anul 1968.<br>Se transform\u0103 \u00een Liceul Nr.2 \u00een acela\u015fi an 1968, sediul liceului fiind din acel moment \u00een actuala cl\u0103dire. P\u00e2n\u0103 \u00een anul 1977 liceul a func\u0163ionat ca Liceu real \u2013 uman, av\u00e2nd \u015fi clase de gimnaziu V \u2013 VIII.<br>\u00cencep\u00e2nd cu anul 1977 devine Liceul Industrial Nr.2, av\u00e2nd doar clase liceale de industrie u\u015foar\u0103.<br>Anul 1982 \u00eenseamn\u0103 pentru liceu o nou\u0103 transformare \u00een Grup \u015ecolar de Industrie U\u015foar\u0103. Profilul liceului cunoa\u015fte \u00een urm\u0103toarele perioade o mare varietate de specializ\u0103ri: clase cu profil de industrie u\u015foar\u0103, profil industrial, profil informatic\u0103 \u015fi, la seral, profil matematic\u0103 \u2013 fizic\u0103.<br>\u00cen urma unei noi reorganiz\u0103ri \u00een \u00eenv\u0103\u0163\u0103m\u00e2nt, \u00een anul 1993 liceul devine Grupul \u015ecolar Economic Administrativ \u015fi de Servicii Hunedoara. De acum, orientarea liceului \u00een concordan\u0163\u0103 cu pia\u0163a muncii, cele mai c\u0103utate meserii fiind cele din sfera serviciilor \u015fi administra\u0163iei. Activitatea educa\u0163ional\u0103 a profesorilor se reflect\u0103 \u00een procentul de 97,46% de absolvire a examenului de bacalaureat.<br>\u00cencep\u00e2nd cu anul \u015fcolar 2002 \u2013 2003, \u015ecoala General\u0103 Nr.3 Hunedoara face parte din Grupul \u015ecolar Economic Administrativ \u015fi de Servicii.<br>\u00cen anul 2003 unitatea noastr\u0103 \u015fcolar\u0103 s-a transformat \u00een COLEGIUL ECONOMIC \u201eEMANUIL GOJDU\u201d.<br>\u00cen 1.09.2010 \u015ecoala general\u0103 nr. 7 \u015fi \u015ecoala general\u0103 nr. 8 au devenit structur\u0103 subordonat\u0103 \u00een cadrul Colegiului Economic \u201eEmanuil Gojdu\u201d Hunedoara.<\/p>\n\n\n\n<p class=\"has-regular-font-size\"><strong>MISIUNEA<\/strong><\/p>\n\n\n\n<p>Prin activit\u0103\u0163ile desf\u0103\u015furate \u00een \u015fcoala noastr\u0103 ne propunem:<\/p>\n\n\n\n<ul class=\"wp-block-list\"><li>Formarea personalit\u0103\u0163ii autonome, creative, a competen\u0163elor profesionale ale elevilor, \u00een spiritul nevoilor \u015fi exigen\u0163elor comunit\u0103\u0163ii;<\/li><li>Formarea unei culturi ecologice a elevilor;<\/li><li>Dob\u00e2ndirea de c\u0103tre elevi de abilit\u0103\u0163i \u015fi competen\u0163e specifice domeniilor de formare profesional\u0103 SERVICII, pentru a cre\u015fte \u015fansele de inser\u0163ie socio-profesional\u0103;<\/li><li>Dezvoltarea abilit\u0103\u021bilor elevilor necesare implement\u0103rii unei dezvolt\u0103ri economice durabile;<\/li><li>Preg\u0103tirea elevilor pentru a dob\u00e2ndi capacitatea de a se adapta provoc\u0103rilor dezvolt\u0103rii economice PRIN \u00ceNV\u0102\u0162ARE pe tot traseul vie\u0163ii;<\/li><li>Dezvoltarea parteneriatului \u2013 elevi, profesori, p\u0103rin\u0163i, operatori economici, comunitate \u2013 pentru a forma absolven\u0163i competen\u0163i, autonomi, responsabili, \u00een m\u0103sur\u0103 s\u0103 decid\u0103 asupra propriei cariere;<\/li><li>Dezvoltarea capacit\u0103\u021bii colegiului pentru a deveni centru resurs\u0103 \u00een formarea continu\u0103 a adul\u021bilor.<\/li><\/ul>\n\n\n\n<p class=\"has-regular-font-size\"><strong>VIZIUNEA<\/strong><\/p>\n\n\n\n<p class=\"has-regular-font-size\">Colegiul Economic \u201eEmanuil Gojdu\u201d \u2013 Mediu democratic \u015fi creativ, izvor al cunoa\u015fterii, interfa\u0163a elev \u2013 societate, fereastr\u0103 deschis\u0103 spre lume.<\/p>\n","protected":false},"excerpt":{"rendered":"<p>SCURT ISTORIC \u015ecoala noastr\u0103 a luat fiin\u0163\u0103 \u00een anul 1963, \u00een sediul actual al \u015ecolii Generale Nr.8 Hunedoara, sub numele de \u015ecoala Medie Nr.2, unde a func\u0163ionat p\u00e2n\u0103 \u00een anul 1968.Se transform\u0103 \u00een Liceul Nr.2 \u00een acela\u015fi an 1968, sediul liceului fiind din acel moment \u00een actuala cl\u0103dire. P\u00e2n\u0103 \u00een anul 1977 liceul a func\u0163ionat &hellip; <a href=\"https:\/\/licecohd.eu\/\" class=\"more-link\">Continu\u0103 s\u0103 cite\u0219ti <span class=\"screen-reader-text\">Prima pagin\u0103<\/span><\/a><\/p>\n","protected":false},"author":1,"featured_media":0,"parent":0,"menu_order":0,"comment_status":"closed","ping_status":"closed","template":"","meta":{"footnotes":""},"class_list":["post-5","page","type-page","status-publish","hentry"],"_links":{"self":[{"href":"https:\/\/licecohd.eu\/index.php\/wp-json\/wp\/v2\/pages\/5"}],"collection":[{"href":"https:\/\/licecohd.eu\/index.php\/wp-json\/wp\/v2\/pages"}],"about":[{"href":"https:\/\/licecohd.eu\/index.php\/wp-json\/wp\/v2\/types\/page"}],"author":[{"embeddable":true,"href":"https:\/\/licecohd.eu\/index.php\/wp-json\/wp\/v2\/users\/1"}],"replies":[{"embeddable":true,"href":"https:\/\/licecohd.eu\/index.php\/wp-json\/wp\/v2\/comments?post=5"}],"version-history":[{"count":4,"href":"https:\/\/licecohd.eu\/index.php\/wp-json\/wp\/v2\/pages\/5\/revisions"}],"predecessor-version":[{"id":77,"href":"https:\/\/licecohd.eu\/index.php\/wp-json\/wp\/v2\/pages\/5\/revisions\/77"}],"wp:attachment":[{"href":"https:\/\/licecohd.eu\/index.php\/wp-json\/wp\/v2\/media?parent=5"}],"curies":[{"name":"wp","href":"https:\/\/api.w.org\/{rel}","templated":true}]}}