{"id":537,"date":"2021-12-15T16:28:08","date_gmt":"2021-12-15T13:28:08","guid":{"rendered":"https:\/\/licecohd.eu\/?page_id=537"},"modified":"2023-02-17T15:47:12","modified_gmt":"2023-02-17T12:47:12","slug":"eqafit","status":"publish","type":"page","link":"https:\/\/licecohd.eu\/index.php\/eqafit\/","title":{"rendered":"EQAFIT"},"content":{"rendered":"\n<p class=\"has-large-font-size\"><strong>Ultima \u00eent\u00e2lnire transna\u021bional\u0103 EQAFIT<\/strong><\/p>\n\n\n\n<p>Ultima \u00eent\u00e2lnire din cadrul proiectului EQAFIT a avut loc pe 10 februarie. \u00cent\u00e2lnirea a respectat ordinea de zi \u0219i a fost foarte fructuoas\u0103. Cu o zi \u00eenainte de \u00eent\u00e2lnirea final\u0103, consor\u021biul a avut ocazia s\u0103 participe la Conferin\u021ba final\u0103 desf\u0103\u0219urat\u0103 la Barcelona. \u00cen cadrul acestui eveniment final, instrumentul online, creat ca produs final al proiectului, a fost testat de c\u0103tre furnizorii VET \u0219i din Sectorul serviciilor financiare, organiza\u021bi de EFPA Spain | European Financial Planners Association. Instrumentul online este disponibil \u00een toate limbile na\u021bionale! <a rel=\"noreferrer noopener\" href=\"https:\/\/www.eqafit.org\/quiz\/\" target=\"_blank\">https:\/\/www.eqafit.org\/quiz\/<\/a><br>Vizita\u021bi ultimele \u0219tiri ale proiectului <a rel=\"noreferrer noopener\" href=\"https:\/\/www.eqafit.org\/category\/news\/\" data-type=\"URL\" data-id=\"https:\/\/www.eqafit.org\/category\/news\/\" target=\"_blank\">https:\/\/www.eqafit.org\/category\/news\/<\/a><\/p>\n\n\n\n<figure class=\"wp-block-image size-large\"><img loading=\"lazy\" decoding=\"async\" width=\"632\" height=\"507\" src=\"https:\/\/licecohd.eu\/wp-content\/uploads\/2023\/02\/WhatsApp-Image-2023-02-16-at-19.35.55.jpeg\" alt=\"\" class=\"wp-image-854\" srcset=\"https:\/\/licecohd.eu\/wp-content\/uploads\/2023\/02\/WhatsApp-Image-2023-02-16-at-19.35.55.jpeg 632w, https:\/\/licecohd.eu\/wp-content\/uploads\/2023\/02\/WhatsApp-Image-2023-02-16-at-19.35.55-300x241.jpeg 300w, https:\/\/licecohd.eu\/wp-content\/uploads\/2023\/02\/WhatsApp-Image-2023-02-16-at-19.35.55-624x501.jpeg 624w\" sizes=\"(max-width: 632px) 100vw, 632px\" \/><\/figure>\n\n\n\n<figure class=\"wp-block-image size-large\"><img loading=\"lazy\" decoding=\"async\" width=\"724\" height=\"1024\" src=\"https:\/\/licecohd.eu\/wp-content\/uploads\/2023\/02\/afis-conferinata-Barcelona-1-724x1024.jpg\" alt=\"\" class=\"wp-image-846\" srcset=\"https:\/\/licecohd.eu\/wp-content\/uploads\/2023\/02\/afis-conferinata-Barcelona-1-724x1024.jpg 724w, https:\/\/licecohd.eu\/wp-content\/uploads\/2023\/02\/afis-conferinata-Barcelona-1-212x300.jpg 212w, https:\/\/licecohd.eu\/wp-content\/uploads\/2023\/02\/afis-conferinata-Barcelona-1-768x1086.jpg 768w, https:\/\/licecohd.eu\/wp-content\/uploads\/2023\/02\/afis-conferinata-Barcelona-1-1086x1536.jpg 1086w, https:\/\/licecohd.eu\/wp-content\/uploads\/2023\/02\/afis-conferinata-Barcelona-1-1448x2048.jpg 1448w, https:\/\/licecohd.eu\/wp-content\/uploads\/2023\/02\/afis-conferinata-Barcelona-1-772x1092.jpg 772w, https:\/\/licecohd.eu\/wp-content\/uploads\/2023\/02\/afis-conferinata-Barcelona-1-441x624.jpg 441w, https:\/\/licecohd.eu\/wp-content\/uploads\/2023\/02\/afis-conferinata-Barcelona-1-scaled.jpg 1810w\" sizes=\"(max-width: 724px) 100vw, 724px\" \/><\/figure>\n\n\n\n<figure class=\"wp-block-image size-large\"><img loading=\"lazy\" decoding=\"async\" width=\"723\" height=\"1024\" src=\"https:\/\/licecohd.eu\/wp-content\/uploads\/2023\/01\/Ecafit-Newsletter-723x1024.jpg\" alt=\"\" class=\"wp-image-813\" srcset=\"https:\/\/licecohd.eu\/wp-content\/uploads\/2023\/01\/Ecafit-Newsletter-723x1024.jpg 723w, https:\/\/licecohd.eu\/wp-content\/uploads\/2023\/01\/Ecafit-Newsletter-212x300.jpg 212w, https:\/\/licecohd.eu\/wp-content\/uploads\/2023\/01\/Ecafit-Newsletter-768x1087.jpg 768w, https:\/\/licecohd.eu\/wp-content\/uploads\/2023\/01\/Ecafit-Newsletter-1085x1536.jpg 1085w, https:\/\/licecohd.eu\/wp-content\/uploads\/2023\/01\/Ecafit-Newsletter-1447x2048.jpg 1447w, https:\/\/licecohd.eu\/wp-content\/uploads\/2023\/01\/Ecafit-Newsletter-772x1093.jpg 772w, https:\/\/licecohd.eu\/wp-content\/uploads\/2023\/01\/Ecafit-Newsletter-441x624.jpg 441w, https:\/\/licecohd.eu\/wp-content\/uploads\/2023\/01\/Ecafit-Newsletter-scaled.jpg 1809w\" sizes=\"(max-width: 723px) 100vw, 723px\" \/><\/figure>\n\n\n\n<figure class=\"wp-block-image size-large\"><img loading=\"lazy\" decoding=\"async\" width=\"723\" height=\"1024\" src=\"https:\/\/licecohd.eu\/wp-content\/uploads\/2023\/01\/Ecafit-Newsletter-0002-723x1024.jpg\" alt=\"\" class=\"wp-image-807\" srcset=\"https:\/\/licecohd.eu\/wp-content\/uploads\/2023\/01\/Ecafit-Newsletter-0002-723x1024.jpg 723w, https:\/\/licecohd.eu\/wp-content\/uploads\/2023\/01\/Ecafit-Newsletter-0002-212x300.jpg 212w, https:\/\/licecohd.eu\/wp-content\/uploads\/2023\/01\/Ecafit-Newsletter-0002-768x1087.jpg 768w, https:\/\/licecohd.eu\/wp-content\/uploads\/2023\/01\/Ecafit-Newsletter-0002-1085x1536.jpg 1085w, https:\/\/licecohd.eu\/wp-content\/uploads\/2023\/01\/Ecafit-Newsletter-0002-1447x2048.jpg 1447w, https:\/\/licecohd.eu\/wp-content\/uploads\/2023\/01\/Ecafit-Newsletter-0002-772x1093.jpg 772w, https:\/\/licecohd.eu\/wp-content\/uploads\/2023\/01\/Ecafit-Newsletter-0002-441x624.jpg 441w, https:\/\/licecohd.eu\/wp-content\/uploads\/2023\/01\/Ecafit-Newsletter-0002-scaled.jpg 1809w\" sizes=\"(max-width: 723px) 100vw, 723px\" \/><\/figure>\n\n\n\n<figure class=\"wp-block-image size-large\"><img loading=\"lazy\" decoding=\"async\" width=\"723\" height=\"1024\" src=\"https:\/\/licecohd.eu\/wp-content\/uploads\/2023\/01\/Ecafit-Newsletter-0003-723x1024.jpg\" alt=\"\" class=\"wp-image-806\" srcset=\"https:\/\/licecohd.eu\/wp-content\/uploads\/2023\/01\/Ecafit-Newsletter-0003-723x1024.jpg 723w, https:\/\/licecohd.eu\/wp-content\/uploads\/2023\/01\/Ecafit-Newsletter-0003-212x300.jpg 212w, https:\/\/licecohd.eu\/wp-content\/uploads\/2023\/01\/Ecafit-Newsletter-0003-768x1087.jpg 768w, https:\/\/licecohd.eu\/wp-content\/uploads\/2023\/01\/Ecafit-Newsletter-0003-1085x1536.jpg 1085w, https:\/\/licecohd.eu\/wp-content\/uploads\/2023\/01\/Ecafit-Newsletter-0003-1447x2048.jpg 1447w, https:\/\/licecohd.eu\/wp-content\/uploads\/2023\/01\/Ecafit-Newsletter-0003-772x1093.jpg 772w, https:\/\/licecohd.eu\/wp-content\/uploads\/2023\/01\/Ecafit-Newsletter-0003-441x624.jpg 441w, https:\/\/licecohd.eu\/wp-content\/uploads\/2023\/01\/Ecafit-Newsletter-0003-scaled.jpg 1809w\" sizes=\"(max-width: 723px) 100vw, 723px\" \/><\/figure>\n\n\n\n<figure class=\"wp-block-image size-large\"><img loading=\"lazy\" decoding=\"async\" width=\"723\" height=\"1024\" src=\"https:\/\/licecohd.eu\/wp-content\/uploads\/2023\/01\/Ecafit-Newsletter-0004-723x1024.jpg\" alt=\"\" class=\"wp-image-805\" srcset=\"https:\/\/licecohd.eu\/wp-content\/uploads\/2023\/01\/Ecafit-Newsletter-0004-723x1024.jpg 723w, https:\/\/licecohd.eu\/wp-content\/uploads\/2023\/01\/Ecafit-Newsletter-0004-212x300.jpg 212w, https:\/\/licecohd.eu\/wp-content\/uploads\/2023\/01\/Ecafit-Newsletter-0004-768x1087.jpg 768w, https:\/\/licecohd.eu\/wp-content\/uploads\/2023\/01\/Ecafit-Newsletter-0004-1085x1536.jpg 1085w, https:\/\/licecohd.eu\/wp-content\/uploads\/2023\/01\/Ecafit-Newsletter-0004-1447x2048.jpg 1447w, https:\/\/licecohd.eu\/wp-content\/uploads\/2023\/01\/Ecafit-Newsletter-0004-772x1093.jpg 772w, https:\/\/licecohd.eu\/wp-content\/uploads\/2023\/01\/Ecafit-Newsletter-0004-441x624.jpg 441w, https:\/\/licecohd.eu\/wp-content\/uploads\/2023\/01\/Ecafit-Newsletter-0004-scaled.jpg 1808w\" sizes=\"(max-width: 723px) 100vw, 723px\" \/><\/figure>\n\n\n\n<div class=\"wp-block-file\"><a href=\"https:\/\/licecohd.eu\/wp-content\/uploads\/2022\/12\/Ecafit-Newsletter-1.pdf\">Ecafit-Newsletter-1<\/a><a href=\"https:\/\/licecohd.eu\/wp-content\/uploads\/2022\/12\/Ecafit-Newsletter-1.pdf\" class=\"wp-block-file__button\" download>Descarc\u0103<\/a><\/div>\n\n\n\n<figure class=\"wp-block-gallery columns-1 is-cropped wp-block-gallery-1 is-layout-flex wp-block-gallery-is-layout-flex\"><ul class=\"blocks-gallery-grid\"><li class=\"blocks-gallery-item\"><figure><img loading=\"lazy\" decoding=\"async\" width=\"724\" height=\"1024\" src=\"https:\/\/licecohd.eu\/wp-content\/uploads\/2022\/11\/INVITATIE-DISEMINARE-EQAFIT-0001-724x1024.jpg\" alt=\"\" data-id=\"726\" data-full-url=\"https:\/\/licecohd.eu\/wp-content\/uploads\/2022\/11\/INVITATIE-DISEMINARE-EQAFIT-0001-scaled.jpg\" data-link=\"https:\/\/licecohd.eu\/index.php\/eqafit\/invitatie-diseminare-eqafit-0001\/\" class=\"wp-image-726\" srcset=\"https:\/\/licecohd.eu\/wp-content\/uploads\/2022\/11\/INVITATIE-DISEMINARE-EQAFIT-0001-724x1024.jpg 724w, https:\/\/licecohd.eu\/wp-content\/uploads\/2022\/11\/INVITATIE-DISEMINARE-EQAFIT-0001-212x300.jpg 212w, https:\/\/licecohd.eu\/wp-content\/uploads\/2022\/11\/INVITATIE-DISEMINARE-EQAFIT-0001-768x1086.jpg 768w, https:\/\/licecohd.eu\/wp-content\/uploads\/2022\/11\/INVITATIE-DISEMINARE-EQAFIT-0001-1087x1536.jpg 1087w, https:\/\/licecohd.eu\/wp-content\/uploads\/2022\/11\/INVITATIE-DISEMINARE-EQAFIT-0001-1449x2048.jpg 1449w, https:\/\/licecohd.eu\/wp-content\/uploads\/2022\/11\/INVITATIE-DISEMINARE-EQAFIT-0001-772x1091.jpg 772w, https:\/\/licecohd.eu\/wp-content\/uploads\/2022\/11\/INVITATIE-DISEMINARE-EQAFIT-0001-441x624.jpg 441w, https:\/\/licecohd.eu\/wp-content\/uploads\/2022\/11\/INVITATIE-DISEMINARE-EQAFIT-0001-scaled.jpg 1811w\" sizes=\"(max-width: 724px) 100vw, 724px\" \/><\/figure><\/li><\/ul><\/figure>\n\n\n\n<figure class=\"wp-block-gallery columns-1 is-cropped wp-block-gallery-2 is-layout-flex wp-block-gallery-is-layout-flex\"><ul class=\"blocks-gallery-grid\"><li class=\"blocks-gallery-item\"><figure><img loading=\"lazy\" decoding=\"async\" width=\"724\" height=\"1024\" src=\"https:\/\/licecohd.eu\/wp-content\/uploads\/2022\/11\/INVITATIE-DISEMINARE-EQAFIT-0002-724x1024.jpg\" alt=\"\" data-id=\"728\" data-full-url=\"https:\/\/licecohd.eu\/wp-content\/uploads\/2022\/11\/INVITATIE-DISEMINARE-EQAFIT-0002-scaled.jpg\" data-link=\"https:\/\/licecohd.eu\/index.php\/eqafit\/invitatie-diseminare-eqafit-0002\/\" class=\"wp-image-728\" srcset=\"https:\/\/licecohd.eu\/wp-content\/uploads\/2022\/11\/INVITATIE-DISEMINARE-EQAFIT-0002-724x1024.jpg 724w, https:\/\/licecohd.eu\/wp-content\/uploads\/2022\/11\/INVITATIE-DISEMINARE-EQAFIT-0002-212x300.jpg 212w, https:\/\/licecohd.eu\/wp-content\/uploads\/2022\/11\/INVITATIE-DISEMINARE-EQAFIT-0002-768x1086.jpg 768w, https:\/\/licecohd.eu\/wp-content\/uploads\/2022\/11\/INVITATIE-DISEMINARE-EQAFIT-0002-1087x1536.jpg 1087w, https:\/\/licecohd.eu\/wp-content\/uploads\/2022\/11\/INVITATIE-DISEMINARE-EQAFIT-0002-1449x2048.jpg 1449w, https:\/\/licecohd.eu\/wp-content\/uploads\/2022\/11\/INVITATIE-DISEMINARE-EQAFIT-0002-772x1091.jpg 772w, https:\/\/licecohd.eu\/wp-content\/uploads\/2022\/11\/INVITATIE-DISEMINARE-EQAFIT-0002-441x624.jpg 441w, https:\/\/licecohd.eu\/wp-content\/uploads\/2022\/11\/INVITATIE-DISEMINARE-EQAFIT-0002-scaled.jpg 1811w\" sizes=\"(max-width: 724px) 100vw, 724px\" \/><\/figure><\/li><\/ul><\/figure>\n\n\n\n<iframe loading=\"lazy\" src=\"https:\/\/docs.google.com\/presentation\/d\/e\/2PACX-1vSHWnJFKDOTFF81Rg0CDZJ5h-l5PtTrBmvUnLeD-84QqWIdZOfUJxMp51dU-xeJ1w\/embed?start=true&amp;loop=true&amp;delayms=3000\" allowfullscreen=\"true\" mozallowfullscreen=\"true\" webkitallowfullscreen=\"true\" width=\"1920\" height=\"1109\" frameborder=\"0\"><\/iframe>\n\n\n\n<figure class=\"wp-block-image size-large\"><img loading=\"lazy\" decoding=\"async\" width=\"1024\" height=\"768\" src=\"https:\/\/licecohd.eu\/wp-content\/uploads\/2021\/12\/WhatsApp-Image-2021-11-26-at-09.24.35-1024x768.jpeg\" alt=\"\" class=\"wp-image-546\" srcset=\"https:\/\/licecohd.eu\/wp-content\/uploads\/2021\/12\/WhatsApp-Image-2021-11-26-at-09.24.35-1024x768.jpeg 1024w, https:\/\/licecohd.eu\/wp-content\/uploads\/2021\/12\/WhatsApp-Image-2021-11-26-at-09.24.35-300x225.jpeg 300w, https:\/\/licecohd.eu\/wp-content\/uploads\/2021\/12\/WhatsApp-Image-2021-11-26-at-09.24.35-768x576.jpeg 768w, https:\/\/licecohd.eu\/wp-content\/uploads\/2021\/12\/WhatsApp-Image-2021-11-26-at-09.24.35-1536x1152.jpeg 1536w, https:\/\/licecohd.eu\/wp-content\/uploads\/2021\/12\/WhatsApp-Image-2021-11-26-at-09.24.35-772x579.jpeg 772w, https:\/\/licecohd.eu\/wp-content\/uploads\/2021\/12\/WhatsApp-Image-2021-11-26-at-09.24.35-624x468.jpeg 624w, https:\/\/licecohd.eu\/wp-content\/uploads\/2021\/12\/WhatsApp-Image-2021-11-26-at-09.24.35.jpeg 1600w\" sizes=\"(max-width: 1024px) 100vw, 1024px\" \/><\/figure>\n\n\n\n<figure class=\"wp-block-image size-large\"><img loading=\"lazy\" decoding=\"async\" width=\"791\" height=\"1024\" src=\"https:\/\/licecohd.eu\/wp-content\/uploads\/2021\/12\/1-1-791x1024.jpg\" alt=\"\" class=\"wp-image-554\" srcset=\"https:\/\/licecohd.eu\/wp-content\/uploads\/2021\/12\/1-1-791x1024.jpg 791w, https:\/\/licecohd.eu\/wp-content\/uploads\/2021\/12\/1-1-232x300.jpg 232w, https:\/\/licecohd.eu\/wp-content\/uploads\/2021\/12\/1-1-768x994.jpg 768w, https:\/\/licecohd.eu\/wp-content\/uploads\/2021\/12\/1-1-1187x1536.jpg 1187w, https:\/\/licecohd.eu\/wp-content\/uploads\/2021\/12\/1-1-772x999.jpg 772w, https:\/\/licecohd.eu\/wp-content\/uploads\/2021\/12\/1-1-482x624.jpg 482w, https:\/\/licecohd.eu\/wp-content\/uploads\/2021\/12\/1-1.jpg 1275w\" sizes=\"(max-width: 791px) 100vw, 791px\" \/><\/figure>\n\n\n\n<figure class=\"wp-block-image size-large\"><img loading=\"lazy\" decoding=\"async\" width=\"791\" height=\"1024\" src=\"https:\/\/licecohd.eu\/wp-content\/uploads\/2021\/12\/2-1-791x1024.jpg\" alt=\"\" class=\"wp-image-555\" srcset=\"https:\/\/licecohd.eu\/wp-content\/uploads\/2021\/12\/2-1-791x1024.jpg 791w, https:\/\/licecohd.eu\/wp-content\/uploads\/2021\/12\/2-1-232x300.jpg 232w, https:\/\/licecohd.eu\/wp-content\/uploads\/2021\/12\/2-1-768x994.jpg 768w, https:\/\/licecohd.eu\/wp-content\/uploads\/2021\/12\/2-1-1187x1536.jpg 1187w, https:\/\/licecohd.eu\/wp-content\/uploads\/2021\/12\/2-1-772x999.jpg 772w, https:\/\/licecohd.eu\/wp-content\/uploads\/2021\/12\/2-1-482x624.jpg 482w, https:\/\/licecohd.eu\/wp-content\/uploads\/2021\/12\/2-1.jpg 1275w\" sizes=\"(max-width: 791px) 100vw, 791px\" \/><\/figure>\n\n\n\n<iframe loading=\"lazy\" src=\"https:\/\/docs.google.com\/presentation\/d\/e\/2PACX-1vTbiUFUs7Fq9DK8hrbzb9-B-3VjEIvIviMvLDzjK3T8J9Vb57XZ0TtOc89fBN39Xw\/embed?start=true&amp;loop=true&amp;delayms=5000\" allowfullscreen=\"true\" mozallowfullscreen=\"true\" webkitallowfullscreen=\"true\" width=\"1280\" height=\"749\" frameborder=\"0\"><\/iframe>\n","protected":false},"excerpt":{"rendered":"<p>Ultima \u00eent\u00e2lnire transna\u021bional\u0103 EQAFIT Ultima \u00eent\u00e2lnire din cadrul proiectului EQAFIT a avut loc pe 10 februarie. \u00cent\u00e2lnirea a respectat ordinea de zi \u0219i a fost foarte fructuoas\u0103. Cu o zi \u00eenainte de \u00eent\u00e2lnirea final\u0103, consor\u021biul a avut ocazia s\u0103 participe la Conferin\u021ba final\u0103 desf\u0103\u0219urat\u0103 la Barcelona. \u00cen cadrul acestui eveniment final, instrumentul online, creat ca &hellip; <a href=\"https:\/\/licecohd.eu\/index.php\/eqafit\/\" class=\"more-link\">Continu\u0103 s\u0103 cite\u0219ti <span class=\"screen-reader-text\">EQAFIT<\/span><\/a><\/p>\n","protected":false},"author":1,"featured_media":0,"parent":0,"menu_order":0,"comment_status":"closed","ping_status":"closed","template":"","meta":{"footnotes":""},"class_list":["post-537","page","type-page","status-publish","hentry"],"_links":{"self":[{"href":"https:\/\/licecohd.eu\/index.php\/wp-json\/wp\/v2\/pages\/537"}],"collection":[{"href":"https:\/\/licecohd.eu\/index.php\/wp-json\/wp\/v2\/pages"}],"about":[{"href":"https:\/\/licecohd.eu\/index.php\/wp-json\/wp\/v2\/types\/page"}],"author":[{"embeddable":true,"href":"https:\/\/licecohd.eu\/index.php\/wp-json\/wp\/v2\/users\/1"}],"replies":[{"embeddable":true,"href":"https:\/\/licecohd.eu\/index.php\/wp-json\/wp\/v2\/comments?post=537"}],"version-history":[{"count":18,"href":"https:\/\/licecohd.eu\/index.php\/wp-json\/wp\/v2\/pages\/537\/revisions"}],"predecessor-version":[{"id":855,"href":"https:\/\/licecohd.eu\/index.php\/wp-json\/wp\/v2\/pages\/537\/revisions\/855"}],"wp:attachment":[{"href":"https:\/\/licecohd.eu\/index.php\/wp-json\/wp\/v2\/media?parent=537"}],"curies":[{"name":"wp","href":"https:\/\/api.w.org\/{rel}","templated":true}]}}