{"id":779,"date":"2022-12-28T18:22:08","date_gmt":"2022-12-28T15:22:08","guid":{"rendered":"https:\/\/licecohd.eu\/?page_id=779"},"modified":"2023-11-21T15:18:29","modified_gmt":"2023-11-21T12:18:29","slug":"achizitii-echipamente-si-servicii","status":"publish","type":"page","link":"https:\/\/licecohd.eu\/index.php\/achizitii-echipamente-si-servicii\/","title":{"rendered":"Achizitii, echipamente si servicii"},"content":{"rendered":"\n<p><strong>Colegiul Economic \u201dEmanuil Gojdu\u201d Hunedoara anun\u021b\u0103 achizi\u021bie direct\u0103: Servicii de organizare tabere \u0219colare, Cod CPV: 55243000-5  pentru 160 persoane, 3 zile, cazare 3 stele\/3 margarete cu  pensiune complet\u0103, transport autocar, organizate \u00een 2 grupe \u00een luna noiembrie 2023.<\/strong><\/p>\n\n\n\n<div data-wp-interactive=\"core\/file\" class=\"wp-block-file\"><object data-wp-bind--hidden=\"!state.hasPdfPreview\"  class=\"wp-block-file__embed\" data=\"https:\/\/licecohd.eu\/wp-content\/uploads\/2023\/10\/anunt-achizitie-tabere.pdf\" type=\"application\/pdf\" style=\"width:100%;height:600px\" aria-label=\"\u00cenglobare pentru anunt-achizitie-tabere.\"><\/object><a id=\"wp-block-file--media-cc3d1503-2589-4eb7-9743-c29f2e143fcb\" href=\"https:\/\/licecohd.eu\/wp-content\/uploads\/2023\/10\/anunt-achizitie-tabere.pdf\">anunt-achizitie-tabere<\/a><a href=\"https:\/\/licecohd.eu\/wp-content\/uploads\/2023\/10\/anunt-achizitie-tabere.pdf\" class=\"wp-block-file__button wp-element-button\" download aria-describedby=\"wp-block-file--media-cc3d1503-2589-4eb7-9743-c29f2e143fcb\">Descarc\u0103<\/a><\/div>\n\n\n\n<div data-wp-interactive=\"core\/file\" class=\"wp-block-file\"><object data-wp-bind--hidden=\"!state.hasPdfPreview\"  class=\"wp-block-file__embed\" data=\"https:\/\/licecohd.eu\/wp-content\/uploads\/2023\/10\/caiet-sarcini-tabara-POCU.pdf\" type=\"application\/pdf\" style=\"width:100%;height:600px\" aria-label=\"\u00cenglobare pentru caiet-sarcini-tabara-POCU.\"><\/object><a id=\"wp-block-file--media-6196918c-368c-4599-9c79-4f77fd27423f\" href=\"https:\/\/licecohd.eu\/wp-content\/uploads\/2023\/10\/caiet-sarcini-tabara-POCU.pdf\">caiet-sarcini-tabara-POCU<\/a><a href=\"https:\/\/licecohd.eu\/wp-content\/uploads\/2023\/10\/caiet-sarcini-tabara-POCU.pdf\" class=\"wp-block-file__button wp-element-button\" download aria-describedby=\"wp-block-file--media-6196918c-368c-4599-9c79-4f77fd27423f\">Descarc\u0103<\/a><\/div>\n\n\n\n<div data-wp-interactive=\"core\/file\" class=\"wp-block-file\"><object data-wp-bind--hidden=\"!state.hasPdfPreview\"  class=\"wp-block-file__embed\" data=\"https:\/\/licecohd.eu\/wp-content\/uploads\/2023\/10\/invitatie-participare-achizitie01025520231003145320.pdf\" type=\"application\/pdf\" style=\"width:100%;height:600px\" aria-label=\"\u00cenglobare pentru invitatie-participare-achizitie01025520231003145320.\"><\/object><a id=\"wp-block-file--media-47a9fe48-8fe7-426d-80f7-d916c1a6b5b2\" href=\"https:\/\/licecohd.eu\/wp-content\/uploads\/2023\/10\/invitatie-participare-achizitie01025520231003145320.pdf\">invitatie-participare-achizitie01025520231003145320<\/a><a href=\"https:\/\/licecohd.eu\/wp-content\/uploads\/2023\/10\/invitatie-participare-achizitie01025520231003145320.pdf\" class=\"wp-block-file__button wp-element-button\" download aria-describedby=\"wp-block-file--media-47a9fe48-8fe7-426d-80f7-d916c1a6b5b2\">Descarc\u0103<\/a><\/div>\n\n\n\n<div class=\"wp-block-file\"><a id=\"wp-block-file--media-92e12d77-09c9-4ba7-a6db-7ff709cd2fd1\" href=\"https:\/\/licecohd.eu\/wp-content\/uploads\/2023\/10\/154056_Formular-de-oferta_tabere.doc\">154056_Formular-de-oferta_tabere<\/a><a href=\"https:\/\/licecohd.eu\/wp-content\/uploads\/2023\/10\/154056_Formular-de-oferta_tabere.doc\" class=\"wp-block-file__button wp-element-button\" download aria-describedby=\"wp-block-file--media-92e12d77-09c9-4ba7-a6db-7ff709cd2fd1\">Descarc\u0103<\/a><\/div>\n\n\n\n<p> <strong>Colegiul Economic \u201dEmanuil Gojdu\u201d Hunedoara inten\u021bioneaz\u0103 s\u0103 achizi\u021bioneze prin achizi\u021bie direct\u0103 conform art. 43 din H.G. 395\/2016 \u201d: <\/strong>    MOBILIER PENTRU&nbsp; ATELIER DE EDUCA\u021aIE NONFORMAL\u0102. <strong> cod CPV <strong>39100000-3<\/strong><\/strong> <strong>pentru Atelierele de activit\u0103\u021bi nonformale, necesare pentru derularea proiectului POCU\/987\/6\/26\/154056 &nbsp;&#8211; \u201eGAME &#8211; Genera\u0163ia Milenium, Activ\u0103 \u015fi Entuziast\u0103 prin activit\u0103\u0163i outdoor\u201d invit\u0103 operatorii economici interesa\u021bi s\u0103 trimit\u0103 oferte \u00een plic \u00eenchis, conform specifica\u021biilor din ata\u0219ament, p\u00e2n\u0103 la data de 30.08.2023, ora 14:00.<\/strong><\/p>\n\n\n\n<p><strong>Oferta se va trimite \u00een plic \u00eenchis cu men\u021biunea \u201dPentru proiectul 154056 &nbsp;&#8211; \u201eGAME &#8211; Genera\u0163ia Milenium, Activ\u0103 \u015fi Entuziast\u0103 prin activit\u0103\u0163i outdoor\u201d &#8211; achizi\u021bii\u201d, la adresa Colegiului Economic \u201dEmanuil Gojdu\u201d, 331092, Hunedoara, Str. Al. Vlahu\u021b\u0103 Nr. 1 Bis.<\/strong><\/p>\n\n\n\n<div data-wp-interactive=\"core\/file\" class=\"wp-block-file\"><object data-wp-bind--hidden=\"!state.hasPdfPreview\"  class=\"wp-block-file__embed\" data=\"https:\/\/licecohd.eu\/wp-content\/uploads\/2023\/08\/anunt-mibilier.pdf\" type=\"application\/pdf\" style=\"width:100%;height:600px\" aria-label=\"\u00cenglobare pentru anunt-mibilier.\"><\/object><a id=\"wp-block-file--media-d5c5913b-2df3-4fc6-a53f-1023dc2fae57\" href=\"https:\/\/licecohd.eu\/wp-content\/uploads\/2023\/08\/anunt-mibilier.pdf\">anunt-mibilier<\/a><a href=\"https:\/\/licecohd.eu\/wp-content\/uploads\/2023\/08\/anunt-mibilier.pdf\" class=\"wp-block-file__button wp-element-button\" download aria-describedby=\"wp-block-file--media-d5c5913b-2df3-4fc6-a53f-1023dc2fae57\">Descarc\u0103<\/a><\/div>\n\n\n\n<div data-wp-interactive=\"core\/file\" class=\"wp-block-file\"><object data-wp-bind--hidden=\"!state.hasPdfPreview\"  class=\"wp-block-file__embed\" data=\"https:\/\/licecohd.eu\/wp-content\/uploads\/2023\/08\/invitatie-participare-mobilier.pdf\" type=\"application\/pdf\" style=\"width:100%;height:600px\" aria-label=\"\u00cenglobare pentru invitatie-participare-mobilier.\"><\/object><a id=\"wp-block-file--media-4b59e0b9-45a2-4c6c-8e1e-689b113ad9a6\" href=\"https:\/\/licecohd.eu\/wp-content\/uploads\/2023\/08\/invitatie-participare-mobilier.pdf\">invitatie-participare-mobilier<\/a><a href=\"https:\/\/licecohd.eu\/wp-content\/uploads\/2023\/08\/invitatie-participare-mobilier.pdf\" class=\"wp-block-file__button wp-element-button\" download aria-describedby=\"wp-block-file--media-4b59e0b9-45a2-4c6c-8e1e-689b113ad9a6\">Descarc\u0103<\/a><\/div>\n\n\n\n<div class=\"wp-block-file\"><a id=\"wp-block-file--media-27a41674-c1c3-4b84-a07c-cb47f8423efa\" href=\"https:\/\/licecohd.eu\/wp-content\/uploads\/2023\/08\/154056_Formular-de-oferta_set-MOBILIER.doc\">154056_Formular-de-oferta_set-MOBILIER<\/a><a href=\"https:\/\/licecohd.eu\/wp-content\/uploads\/2023\/08\/154056_Formular-de-oferta_set-MOBILIER.doc\" class=\"wp-block-file__button wp-element-button\" download aria-describedby=\"wp-block-file--media-27a41674-c1c3-4b84-a07c-cb47f8423efa\">Descarc\u0103<\/a><\/div>\n\n\n\n<p><strong>Colegiul Economic \u201dEmanuil Gojdu\u201d Hunedoara inten\u021bioneaz\u0103 s\u0103 achizi\u021bioneze prin achizi\u021bie direct\u0103 conform art. 43 din H.G. 395\/2016 \u201d: Servicii de formare exper\u021bi  activitate nonformal\u0103 cod CPV <strong>80000000-4<\/strong><\/strong> <strong>pentru Atelierele de activit\u0103\u021bi nonformale, necesare pentru derularea proiectului POCU\/987\/6\/26\/154056 &nbsp;&#8211; \u201eGAME &#8211; Genera\u0163ia Milenium, Activ\u0103 \u015fi Entuziast\u0103 prin activit\u0103\u0163i outdoor\u201d invit\u0103 operatorii economici interesa\u021bi s\u0103 trimit\u0103 oferte \u00een plic \u00eenchis, conform specifica\u021biilor din ata\u0219ament, p\u00e2n\u0103 la data de 10.02.2023, ora 14:00.<\/strong><\/p>\n\n\n\n<p><strong>Oferta se va trimite \u00een plic \u00eenchis cu men\u021biunea \u201dPentru proiectul 154056 &nbsp;&#8211; \u201eGAME &#8211; Genera\u0163ia Milenium, Activ\u0103 \u015fi Entuziast\u0103 prin activit\u0103\u0163i outdoor\u201d &#8211; achizi\u021bii\u201d, la adresa Colegiului Economic \u201dEmanuil Gojdu\u201d, 331092, Hunedoara, Str. Al. Vlahu\u021b\u0103 Nr. 1 Bis.<\/strong><\/p>\n\n\n\n<div class=\"wp-block-file\"><a id=\"wp-block-file--media-d487d863-ca27-4a36-a74a-c02eb82b45dc\" href=\"https:\/\/licecohd.eu\/wp-content\/uploads\/2023\/01\/anunt-cursuri.pdf\">anunt-cursuri<\/a><a href=\"https:\/\/licecohd.eu\/wp-content\/uploads\/2023\/01\/anunt-cursuri.pdf\" class=\"wp-block-file__button wp-element-button\" download aria-describedby=\"wp-block-file--media-d487d863-ca27-4a36-a74a-c02eb82b45dc\">Descarc\u0103<\/a><\/div>\n\n\n\n<div class=\"wp-block-file\"><a id=\"wp-block-file--media-5b6fc206-3e11-4ad0-9a1b-1c96b681ad6a\" href=\"https:\/\/licecohd.eu\/wp-content\/uploads\/2023\/01\/invitatie-cursuri.pdf\">invitatie-cursuri<\/a><a href=\"https:\/\/licecohd.eu\/wp-content\/uploads\/2023\/01\/invitatie-cursuri.pdf\" class=\"wp-block-file__button wp-element-button\" download aria-describedby=\"wp-block-file--media-5b6fc206-3e11-4ad0-9a1b-1c96b681ad6a\">Descarc\u0103<\/a><\/div>\n\n\n\n<div class=\"wp-block-file\"><a id=\"wp-block-file--media-3003f371-9370-4960-928a-eac09994ba7c\" href=\"https:\/\/licecohd.eu\/wp-content\/uploads\/2023\/04\/154056_Formular-de-oferta_cursuri.doc\">154056_Formular-de-oferta_cursuri<\/a><a href=\"https:\/\/licecohd.eu\/wp-content\/uploads\/2023\/04\/154056_Formular-de-oferta_cursuri.doc\" class=\"wp-block-file__button wp-element-button\" download aria-describedby=\"wp-block-file--media-3003f371-9370-4960-928a-eac09994ba7c\">Descarc\u0103<\/a><\/div>\n\n\n\n<div class=\"wp-block-file\"><a id=\"wp-block-file--media-7e3a16dd-5341-4afb-8c24-a2d88393764d\" href=\"https:\/\/licecohd.eu\/wp-content\/uploads\/2023\/01\/caiet-sarcini-cursuri-1.pdf\">caiet-sarcini-cursuri-1<\/a><a href=\"https:\/\/licecohd.eu\/wp-content\/uploads\/2023\/01\/caiet-sarcini-cursuri-1.pdf\" class=\"wp-block-file__button wp-element-button\" download aria-describedby=\"wp-block-file--media-7e3a16dd-5341-4afb-8c24-a2d88393764d\">Descarc\u0103<\/a><\/div>\n\n\n\n<p class=\"has-text-align-left\"><strong>Colegiul Economic \u201dEmanuil Gojdu\u201d Hunedoara inten\u021bioneaz\u0103 s\u0103 achizi\u021bioneze prin achizi\u021bie direct\u0103 conform art. 43 din H.G. 395\/2016 \u201d: Seturi ECHIPAMENTE IT\u201d  \u0219i \u201dSeturi RECHIZITE\u201d pentru Atelierele de activit\u0103\u021bi nonformale, necesare pentru derularea proiectului POCU\/987\/6\/26\/154056 &nbsp;&#8211; \u201eGAME &#8211; Genera\u0163ia Milenium, Activ\u0103 \u015fi Entuziast\u0103 prin activit\u0103\u0163i outdoor\u201d invit\u0103 operatorii economici interesa\u021bi s\u0103 trimit\u0103 oferte \u00een plic \u00eenchis, conform specifica\u021biilor din ata\u0219ament, p\u00e2n\u0103 la data de 10.01.2023, ora 14:00.<\/strong><\/p>\n\n\n\n<p><strong>Oferta se va trimite \u00een plic \u00eenchis cu men\u021biunea \u201dPentru proiectul 154056 &nbsp;&#8211; \u201eGAME &#8211; Genera\u0163ia Milenium, Activ\u0103 \u015fi Entuziast\u0103 prin activit\u0103\u0163i outdoor\u201d &#8211; achizi\u021bii\u201d, la adresa Colegiului Economic \u201dEmanuil Gojdu\u201d, 331092, Hunedoara, Str. Al. Vlahu\u021b\u0103 Nr. 1 Bis.<\/strong><\/p>\n\n\n\n<p><strong>Cu stim\u0103,<br>Comisia de proiect<\/strong><\/p>\n\n\n\n<div class=\"wp-block-file\"><a id=\"wp-block-file--media-3c241d05-a586-4f7f-b9d0-c71c89f2d125\" href=\"https:\/\/licecohd.eu\/wp-content\/uploads\/2022\/12\/anunt-materiale.pdf\">anunt-materiale<\/a><a href=\"https:\/\/licecohd.eu\/wp-content\/uploads\/2022\/12\/anunt-materiale.pdf\" class=\"wp-block-file__button wp-element-button\" download aria-describedby=\"wp-block-file--media-3c241d05-a586-4f7f-b9d0-c71c89f2d125\">Descarc\u0103<\/a><\/div>\n\n\n\n<div class=\"wp-block-file\"><a id=\"wp-block-file--media-5c926edf-9ecc-4e2b-950d-79c849fef3ea\" href=\"https:\/\/licecohd.eu\/wp-content\/uploads\/2022\/12\/invitatie-materiale.pdf\">invitatie-materiale<\/a><a href=\"https:\/\/licecohd.eu\/wp-content\/uploads\/2022\/12\/invitatie-materiale.pdf\" class=\"wp-block-file__button wp-element-button\" download aria-describedby=\"wp-block-file--media-5c926edf-9ecc-4e2b-950d-79c849fef3ea\">Descarc\u0103<\/a><\/div>\n\n\n\n<div class=\"wp-block-file\"><a id=\"wp-block-file--media-8936c1e7-00e0-4397-ace4-4313362eee70\" href=\"https:\/\/licecohd.eu\/wp-content\/uploads\/2023\/04\/invitatie-IT.doc\">invitatie-IT<\/a><a href=\"https:\/\/licecohd.eu\/wp-content\/uploads\/2023\/04\/invitatie-IT.doc\" class=\"wp-block-file__button wp-element-button\" download aria-describedby=\"wp-block-file--media-8936c1e7-00e0-4397-ace4-4313362eee70\">Descarc\u0103<\/a><\/div>\n\n\n\n<div class=\"wp-block-file\"><a id=\"wp-block-file--media-d752d67f-b012-49f2-a272-9e81fae2d9d7\" href=\"https:\/\/licecohd.eu\/wp-content\/uploads\/2022\/12\/anunt-it.pdf\">anunt-it<\/a><a href=\"https:\/\/licecohd.eu\/wp-content\/uploads\/2022\/12\/anunt-it.pdf\" class=\"wp-block-file__button wp-element-button\" download aria-describedby=\"wp-block-file--media-d752d67f-b012-49f2-a272-9e81fae2d9d7\">Descarc\u0103<\/a><\/div>\n\n\n\n<div class=\"wp-block-file\"><a id=\"wp-block-file--media-2f4f8da5-5c43-4b0b-89e1-a89d4cc8c0bb\" href=\"https:\/\/licecohd.eu\/wp-content\/uploads\/2022\/12\/anunt-rechizite.pdf\">anunt-rechizite<\/a><a href=\"https:\/\/licecohd.eu\/wp-content\/uploads\/2022\/12\/anunt-rechizite.pdf\" class=\"wp-block-file__button wp-element-button\" download aria-describedby=\"wp-block-file--media-2f4f8da5-5c43-4b0b-89e1-a89d4cc8c0bb\">Descarc\u0103<\/a><\/div>\n\n\n\n<div class=\"wp-block-file\"><a id=\"wp-block-file--media-3bef9342-1b36-4853-99f1-6a1041931e27\" href=\"https:\/\/licecohd.eu\/wp-content\/uploads\/2023\/04\/Invitatie-participare-rechizite.doc\">Invitatie-participare-rechizite<\/a><a href=\"https:\/\/licecohd.eu\/wp-content\/uploads\/2023\/04\/Invitatie-participare-rechizite.doc\" class=\"wp-block-file__button wp-element-button\" download aria-describedby=\"wp-block-file--media-3bef9342-1b36-4853-99f1-6a1041931e27\">Descarc\u0103<\/a><\/div>\n","protected":false},"excerpt":{"rendered":"<p>Colegiul Economic \u201dEmanuil Gojdu\u201d Hunedoara anun\u021b\u0103 achizi\u021bie direct\u0103: Servicii de organizare tabere \u0219colare, Cod CPV: 55243000-5 pentru 160 persoane, 3 zile, cazare 3 stele\/3 margarete cu pensiune complet\u0103, transport autocar, organizate \u00een 2 grupe \u00een luna noiembrie 2023. Colegiul Economic \u201dEmanuil Gojdu\u201d Hunedoara inten\u021bioneaz\u0103 s\u0103 achizi\u021bioneze prin achizi\u021bie direct\u0103 conform art. 43 din H.G. 395\/2016 &hellip; <a href=\"https:\/\/licecohd.eu\/index.php\/achizitii-echipamente-si-servicii\/\" class=\"more-link\">Continu\u0103 s\u0103 cite\u0219ti <span class=\"screen-reader-text\">Achizitii, echipamente si servicii<\/span><\/a><\/p>\n","protected":false},"author":1,"featured_media":0,"parent":0,"menu_order":0,"comment_status":"closed","ping_status":"closed","template":"","meta":{"footnotes":""},"class_list":["post-779","page","type-page","status-publish","hentry"],"_links":{"self":[{"href":"https:\/\/licecohd.eu\/index.php\/wp-json\/wp\/v2\/pages\/779"}],"collection":[{"href":"https:\/\/licecohd.eu\/index.php\/wp-json\/wp\/v2\/pages"}],"about":[{"href":"https:\/\/licecohd.eu\/index.php\/wp-json\/wp\/v2\/types\/page"}],"author":[{"embeddable":true,"href":"https:\/\/licecohd.eu\/index.php\/wp-json\/wp\/v2\/users\/1"}],"replies":[{"embeddable":true,"href":"https:\/\/licecohd.eu\/index.php\/wp-json\/wp\/v2\/comments?post=779"}],"version-history":[{"count":15,"href":"https:\/\/licecohd.eu\/index.php\/wp-json\/wp\/v2\/pages\/779\/revisions"}],"predecessor-version":[{"id":1040,"href":"https:\/\/licecohd.eu\/index.php\/wp-json\/wp\/v2\/pages\/779\/revisions\/1040"}],"wp:attachment":[{"href":"https:\/\/licecohd.eu\/index.php\/wp-json\/wp\/v2\/media?parent=779"}],"curies":[{"name":"wp","href":"https:\/\/api.w.org\/{rel}","templated":true}]}}