{"id":84,"date":"2020-05-27T08:55:07","date_gmt":"2020-05-27T08:55:07","guid":{"rendered":"https:\/\/licecohd.eu\/?page_id=84"},"modified":"2020-10-15T13:22:59","modified_gmt":"2020-10-15T10:22:59","slug":"invatamant-profesional","status":"publish","type":"page","link":"https:\/\/licecohd.eu\/index.php\/invatamant-profesional\/","title":{"rendered":"IPT 2020-2021"},"content":{"rendered":"\n<h3 class=\"wp-block-heading\">\u00cen aten\u021bia agen\u021bilor economici, pentru anul \u0219colar 2021-2022<\/h3>\n\n\n\n<p>Cifra de \u0219colarizare pentru \u00eenv\u0103\u0163\u0103m\u00e2ntul profesional se stabile\u015fte anual, pe baza nevoilor pie\u021bei muncii, a tendin\u0163elor de dezvoltare economic\u0103 \u0219i social\u0103 precum \u0219i pe baza solicit\u0103rilor operatorilor economici. <\/p>\n\n\n\n<p>Pentru a cre\u015fte calitatea form\u0103rii profesionale a absolven\u0163ilor \u00eenv\u0103\u0163\u0103m\u00e2ntului profesional invit\u0103m operatorii economici s\u0103-\u0219i exprime deschiderea de colaborare cu unitatea noastr\u0103 \u0219colar\u0103 prin completarea Anexei 2 Solicitare de \u0219colarizare pentru \u00eenv\u0103\u0163\u0103m\u00e2ntul profesional \u015fi transmiterea acesteia unit\u0103\u021bii noastre sau Inspectoratului \u015ecolar Jude\u0163ean Hunedoara. Documentul se poate desc\u0103rca acces\u00e2nd adresa:<\/p>\n\n\n\n<p><a href=\"http:\/\/forum.isj.hd.edu.ro\/download\/file.php?id=169431\" target=\"_blank\" rel=\"noreferrer noopener\">http:\/\/forum.isj.hd.edu.ro\/download\/file.php?id=169431<\/a><\/p>\n\n\n\n<h3 class=\"wp-block-heading\">Oferta \u00eenv\u0103\u021b\u0103m\u00e2nt profesional 2020-2021<\/h3>\n\n\n\n<ul class=\"wp-block-list\"><li>14 locuri, \u00een domeniul de preg\u0103tire profesional\u0103 Turism \u0219i alimenta\u021bie public\u0103, calificarea BUC\u0102TAR<\/li><li>14 locuri, \u00een domeniul de preg\u0103tire profesional\u0103 Turism \u0219i alimenta\u021bie public\u0103, calificarea OSP\u0102TAR (CHELNER) V\u00c2NZ\u0102TOR \u00ceN UNIT\u0102\u021aI DE ALIMENTA\u021aIE<\/li><\/ul>\n\n\n\n<h3 class=\"wp-block-heading\">Operatori economici (parteneri de practic\u0103):<\/h3>\n\n\n\n<ul class=\"wp-block-list\"><li>MAIER COMPANY COMEX SRL<\/li><li>SC LARISA SERV IMPEX SRL<\/li><li>SC M\u0102D\u0102LINA SERV IMPEX SRL<\/li><li>RESTAURANT WERK<\/li><\/ul>\n\n\n\n<iframe loading=\"lazy\" src=\"https:\/\/docs.google.com\/presentation\/d\/e\/2PACX-1vRvUUxYJi3AA2mfxVWGkgI8Wz3SErZ68Z8vy6WFaSRKD-xpmijIdxP3nu22x0hxOEE5vyyKzvAMAc7p\/embed?start=true&amp;loop=true&amp;delayms=5000\" frameborder=\"0\" width=\"640\" height=\"389\" allowfullscreen=\"true\" mozallowfullscreen=\"true\" webkitallowfullscreen=\"true\"><\/iframe>\n\n\n\n<h3 class=\"wp-block-heading\">Documente legislative<\/h3>\n\n\n\n<div class=\"wp-block-group\"><div class=\"wp-block-group__inner-container is-layout-flow wp-block-group-is-layout-flow\">\n<div class=\"wp-block-group has-headings-color has-sitebg-background-color has-text-color has-background is-layout-flow wp-block-group-is-layout-flow\"><div class=\"wp-block-group__inner-container\"><\/div><\/div>\n<\/div><\/div>\n\n\n\n<div class=\"wp-block-buttons is-layout-flex wp-block-buttons-is-layout-flex\">\n<div class=\"wp-block-button\"><a class=\"wp-block-button__link has-very-light-gray-color has-text-color has-background\" href=\"https:\/\/licecohd.eu\/wp-content\/uploads\/2020\/06\/ORDIN_4325_2020_admitere_inv_profesional.pdf\" style=\"background-color:#36597f\" target=\"_blank\" rel=\"noreferrer noopener\">Ordin 4325\/2020 &#8211; admitere invatamant profesional<\/a><\/div>\n\n\n\n<div class=\"wp-block-button is-style-outline is-style-outline--34d34c2840d1d11d50d0dfc33926d059\"><a class=\"wp-block-button__link has-very-light-gray-color has-text-color has-background\" href=\"https:\/\/licecohd.eu\/wp-content\/uploads\/2020\/06\/Metodologie-admitere_inv.-profesional_OMENCS-5068-din-2016.pdf\" style=\"background-color:#36597f\" target=\"_blank\" rel=\"noreferrer noopener\">Ordin 5068\/2016- metodologie admitere invatamant profesional<\/a><\/div>\n\n\n\n<div class=\"wp-block-button is-style-outline is-style-outline--860631e341694441b02b545e9e206260\"><a class=\"wp-block-button__link has-very-light-gray-color has-text-color has-background\" href=\"https:\/\/licecohd.eu\/wp-content\/uploads\/2020\/06\/5.Metodologia-admiterii-IP.pdf\" style=\"background-color:#36597f\" target=\"_blank\" rel=\"noreferrer noopener\">Metodologie admitere invatamant profesional<\/a><\/div>\n\n\n\n<div class=\"wp-block-button is-style-outline is-style-outline--6992fa3a2f1100e7b874c6fdd871fb7f\"><a class=\"wp-block-button__link has-very-light-gray-color has-text-color has-background\" href=\"https:\/\/licecohd.eu\/wp-content\/uploads\/2020\/06\/anexa-_Fisa_inscriere_profesional_2020.pdf\" style=\"background-color:#36597f\" target=\"_blank\" rel=\"noreferrer noopener\">Anexa &#8211; Fisa de inscriere invatamant profesional<\/a><\/div>\n<\/div>\n","protected":false},"excerpt":{"rendered":"<p>\u00cen aten\u021bia agen\u021bilor economici, pentru anul \u0219colar 2021-2022 Cifra de \u0219colarizare pentru \u00eenv\u0103\u0163\u0103m\u00e2ntul profesional se stabile\u015fte anual, pe baza nevoilor pie\u021bei muncii, a tendin\u0163elor de dezvoltare economic\u0103 \u0219i social\u0103 precum \u0219i pe baza solicit\u0103rilor operatorilor economici. Pentru a cre\u015fte calitatea form\u0103rii profesionale a absolven\u0163ilor \u00eenv\u0103\u0163\u0103m\u00e2ntului profesional invit\u0103m operatorii economici s\u0103-\u0219i exprime deschiderea de colaborare cu &hellip; <a href=\"https:\/\/licecohd.eu\/index.php\/invatamant-profesional\/\" class=\"more-link\">Continu\u0103 s\u0103 cite\u0219ti <span class=\"screen-reader-text\">IPT 2020-2021<\/span><\/a><\/p>\n","protected":false},"author":1,"featured_media":0,"parent":0,"menu_order":0,"comment_status":"closed","ping_status":"closed","template":"","meta":{"footnotes":""},"class_list":["post-84","page","type-page","status-publish","hentry"],"_links":{"self":[{"href":"https:\/\/licecohd.eu\/index.php\/wp-json\/wp\/v2\/pages\/84"}],"collection":[{"href":"https:\/\/licecohd.eu\/index.php\/wp-json\/wp\/v2\/pages"}],"about":[{"href":"https:\/\/licecohd.eu\/index.php\/wp-json\/wp\/v2\/types\/page"}],"author":[{"embeddable":true,"href":"https:\/\/licecohd.eu\/index.php\/wp-json\/wp\/v2\/users\/1"}],"replies":[{"embeddable":true,"href":"https:\/\/licecohd.eu\/index.php\/wp-json\/wp\/v2\/comments?post=84"}],"version-history":[{"count":11,"href":"https:\/\/licecohd.eu\/index.php\/wp-json\/wp\/v2\/pages\/84\/revisions"}],"predecessor-version":[{"id":189,"href":"https:\/\/licecohd.eu\/index.php\/wp-json\/wp\/v2\/pages\/84\/revisions\/189"}],"wp:attachment":[{"href":"https:\/\/licecohd.eu\/index.php\/wp-json\/wp\/v2\/media?parent=84"}],"curies":[{"name":"wp","href":"https:\/\/api.w.org\/{rel}","templated":true}]}}